{"id":506,"date":"2020-05-06T15:44:41","date_gmt":"2020-05-06T13:44:41","guid":{"rendered":"http:\/\/institutnps.com\/ca\/politica-de-cookies\/"},"modified":"2020-05-20T19:41:27","modified_gmt":"2020-05-20T17:41:27","slug":"politica-de-cookies","status":"publish","type":"page","link":"https:\/\/institutnps.com\/ca\/politica-de-cookies\/","title":{"rendered":"Pol\u00edtica de Cookies"},"content":{"rendered":"<ol>\n<li><strong>QU\u00c8 S\u00d3N LES COOKIES ?<\/strong><\/li>\n<\/ol>\n<p>Les cookies s\u00f3n petits arxius de dades que es reben en el terminal des del lloc web visitat i s&#8217;usen per registrar certes interaccions de la navegaci\u00f3 en un lloc web emmagatzemant dades que podran ser actualitzats i recuperats. Aquests arxius s&#8217;emmagatzemen a l&#8217;ordinador de l&#8217;usuari i cont\u00e9 dades an\u00f2nims que no s\u00f3n perjudicials per al seu equip. S&#8217;utilitzen per recordar les prefer\u00e8ncies de l&#8217;usuari, com l&#8217;idioma seleccionat, dades d&#8217;acc\u00e9s o personalitzaci\u00f3 de la p\u00e0gina.<\/p>\n<p>Les cookies tamb\u00e9 poden ser utilitzades per registrar informaci\u00f3 an\u00f2nima sobre com un visitant utilitza un lloc. Per exemple, des de quina p\u00e0gina web ha accedit, o si ha utilitzat un &#8220;banner&#8221; publicitari per arribar.<\/p>\n<p>&nbsp;<\/p>\n<ol start=\"2\">\n<li><strong>PER QU\u00c8 UTILITZEM COOKIES ?<\/strong><\/li>\n<\/ol>\n<p><strong>Institut de Neuropsicologia i Psicologia Sabadell <\/strong>utilitza cookies estrictament necess\u00e0ries i essencials perqu\u00e8 utilitzeu els nostres llocs web i li permetin moure lliurement, utilitzar \u00e0rees segures, opcions personalitzades, etc. A m\u00e9s, <strong>Institut de Neuropsicologia i Psicologia Sabadell <\/strong>utilitza cookies que recullen dades relatives a l&#8217;an\u00e0lisi d&#8217;\u00fas de la web. Aquestes s&#8217;utilitzen per ajudar a millorar el servei al client, mesurant l&#8217;\u00fas i el rendiment de la p\u00e0gina, per optimitzar-la i personalitzar-la.<\/p>\n<p>Els nostres llocs tamb\u00e9 poden tenir enlla\u00e7os de xarxes socials (com Facebook o Twitter). <strong>Institut de Neuropsicologia i Psicologia Sabadell <\/strong>no controla les cookies utilitzades per aquestes webs externes. Per a m\u00e9s informaci\u00f3 sobre les cookies de les xarxes socials o altres Webs alienes, aconsellem revisar les seves pr\u00f2pies pol\u00edtiques de cookies.<\/p>\n<p>Aquest lloc web utilitza &#8220;cookies&#8221; de la seg\u00fcent manera:<\/p>\n<ul>\n<li>Cookie de Google ANALYTICS: Google ANALYTICS \u00e9s un servei gratu\u00eft que ofereix Google Inc. i que recull informaci\u00f3 sobre les p\u00e0gines de la web consultada, a quina hora, quin navegador Web, etc. Posteriorment, aquesta informaci\u00f3 s&#8217;envia als servidors de Google Inc. als Estats Units.<\/li>\n<li>Cookies d\u2019aplicaci\u00f3 \u201cAdd-this\u201d: Add-this \u00e9s un servei gratu\u00eft que li permet compartir p\u00e0gines d&#8217;aquest lloc web per diferents mitjans (correu electr\u00f2nic, xarxes socials, etc.). Add-this compila informaci\u00f3 estad\u00edstica de la vostra navegaci\u00f3 per proporcionar publicitat adaptada als seus h\u00e0bits de navegaci\u00f3 en aquest lloc web o en qualsevol altre lloc.<\/li>\n<\/ul>\n<p>&nbsp;<\/p>\n<p>&nbsp;<\/p>\n<p>&nbsp;<\/p>\n<p>&nbsp;<\/p>\n<p>&nbsp;<\/p>\n<ol start=\"3\">\n<li><strong>QUIN \u00daS LI DONEM ALS DIFERENTS TIPUS DE COOKIES ?<\/strong><\/li>\n<\/ol>\n<p><strong>Segons la seva finalitat:<\/strong><\/p>\n<ul>\n<li><strong>Cookies t\u00e8cniques:<\/strong> Les cookies t\u00e8cniques s\u00f3n aquelles imprescindibles i estrictament necess\u00e0ries per al correcte funcionament d&#8217;un portal web i la utilitzaci\u00f3 de les diferents opcions i serveis que ofereix. Por exemple, les que serveixen per al manteniment de la sessi\u00f3, la gesti\u00f3 del temps de resposta, rendiment o validaci\u00f3 d&#8217;opcions, utilitzar elements de seguretat, compartir contingut amb xarxes socials, etc.<\/li>\n<li><strong>Cookies de personalitzaci\u00f3:<\/strong> Aquestes cookies permeten a l&#8217;usuari especificar o personalitzar algunes caracter\u00edstiques de les opcions generals de la p\u00e0gina web, per exemple, definir l&#8217;idioma, configuraci\u00f3 regional o tipus de navegador.<\/li>\n<li><strong>Cookies anal\u00edtiques:<\/strong> Les cookies anal\u00edtiques s\u00f3n les utilitzades pel nostre portal web, per elaborar perfils de navegaci\u00f3 i poder con\u00e8ixer les prefer\u00e8ncies dels usuaris del mateix per tal de millorar l&#8217;oferta de productes i serveis. Per exemple, mitjan\u00e7ant una galeta anal\u00edtica es controlarien les \u00e0rees geogr\u00e0fiques de major inter\u00e8s d&#8217;un usuari, quin \u00e9s el producte de m\u00e9s acceptaci\u00f3, etc.<\/li>\n<li><strong>Cookies publicit\u00e0ries \/ de publicitat:<\/strong> Les cookies publicit\u00e0ries permeten la gesti\u00f3 dels espais publicitaris en base a criteris concrets. Per exemple la freq\u00fc\u00e8ncia d&#8217;acc\u00e9s, el contingut editat, etc. Les cookies de publicitat permeten a trav\u00e9s de la gesti\u00f3 de la publicitat emmagatzemar informaci\u00f3 del comportament a trav\u00e9s de l&#8217;observaci\u00f3 d&#8217;h\u00e0bits, estudiant els accessos i formant un perfil de prefer\u00e8ncies de l&#8217;usuari, per oferir publicitat relacionada amb els interessos del seu perfil.<\/li>\n<\/ul>\n<p><strong>Segons termini:<\/strong><\/p>\n<ul>\n<li><strong>Cookies de sessi\u00f3:<\/strong> Les cookies de sessi\u00f3 s\u00f3n aquelles que duren el temps que l&#8217;usuari est\u00e0 navegant per la p\u00e0gina web i s&#8217;esborren al terme.<\/li>\n<li><strong>Cookies persistents:<\/strong> Aquestes cookies queden emmagatzemades en el terminal de l&#8217;usuari, per un temps m\u00e9s llarg, facilitant aix\u00ed el control de les prefer\u00e8ncies triades sense haver de repetir certs par\u00e0metres cada vegada que es visiti el lloc web.<\/li>\n<\/ul>\n<p>&nbsp;<\/p>\n<ol start=\"4\">\n<li><strong>I SI NO VULL TENIR AQUESTES COOKIES O NO FAIG RES AL RESPECTE ?<\/strong><\/li>\n<\/ol>\n<p>Per complir amb la legislaci\u00f3 vigent, hem de demanar el seu perm\u00eds per gestionar cookies. Si decideix no autoritzar el tractament indicant la no conformitat, nom\u00e9s utilitzar\u00edem les cookies t\u00e8cniques, ja que s\u00f3n imprescindibles per a la navegaci\u00f3 per la nostra web. En aquest cas, no emmagatzemar\u00edem cap galeta. En el cas de seguir navegant pel nostre lloc web sense denegar la seva autoritzaci\u00f3 implica que accepta el seu \u00fas.<\/p>\n<p>Tingueu en compte que si rebutja o esborra les cookies de navegaci\u00f3 per la Web, no podrem mantenir les seves prefer\u00e8ncies, algunes caracter\u00edstiques de les p\u00e0gines no estaran operatives, no podrem oferir-li serveis personalitzats i cada vegada que vagi a navegar per la nostra web haurem de sol\u00b7licitar de nou la seva autoritzaci\u00f3 per a l&#8217;\u00fas de cookies.<\/p>\n<p>Si tot i aix\u00ed, decideix modificar la configuraci\u00f3 del seu acc\u00e9s a la p\u00e0gina web, ha de saber que \u00e9s possible eliminar les cookies o impedir que es registri aquesta informaci\u00f3 en el seu equip en qualsevol moment mitjan\u00e7ant la modificaci\u00f3 dels par\u00e0metres de configuraci\u00f3 del seu navegador:<\/p>\n<ul>\n<li>Configuraci\u00f3 de cookies de d\u2019Internet Explorer.<\/li>\n<li>Configuraci\u00f3 de cookies del Firefox.<\/li>\n<li>Configuraci\u00f3 de cookies de Google Chrome.<\/li>\n<li>Configuraci\u00f3 de cookies de Safari.<\/li>\n<\/ul>\n<p>Aquests navegadors estan sotmesos a actualitzacions o modificacions, pel que no podem garantir que s&#8217;ajustin completament a la versi\u00f3 del seu navegador. Tamb\u00e9 pot ser que utilitzi un altre navegador no contemplat en aquests enlla\u00e7os com ara Konqueror, Arora, Flock, etc. Per evitar aquests desajustos, pot accedir directament des de les opcions del seu navegador que es troba generalment al men\u00fa d&#8217;Opcions, a la secci\u00f3 de &#8220;Privacitat&#8221;. (Si us plau, consulteu l&#8217;ajuda del seu navegador per a m\u00e9s informaci\u00f3.)<\/p>\n<p><strong>\u00a0<\/strong><\/p>\n<ol start=\"5\">\n<li><strong>ON PUC OBTENIR M\u00c9S INFORMACI\u00d3 ?<\/strong><\/li>\n<\/ol>\n<p>Pots trobar m\u00e9s informaci\u00f3 sobre cookies a www.allaboutcookies.org o <a href=\"http:\/\/www.youronlinechoices.eu\">www.youronlinechoices.eu<\/a>.<\/p>\n<p>&nbsp;<\/p>\n<p>&nbsp;<\/p>\n<p>&nbsp;<\/p>\n","protected":false},"excerpt":{"rendered":"<p>QU\u00c8 S\u00d3N LES COOKIES ? Les cookies s\u00f3n petits arxius de dades que es reben en el terminal des del lloc web visitat i s&#8217;usen per registrar certes interaccions de la navegaci\u00f3 en un lloc web emmagatzemant dades que podran ser actualitzats i recuperats. Aquests arxius s&#8217;emmagatzemen a l&#8217;ordinador de l&#8217;usuari i cont\u00e9 dades an\u00f2nims [&hellip;]<\/p>\n","protected":false},"author":2,"featured_media":0,"parent":0,"menu_order":0,"comment_status":"closed","ping_status":"closed","template":"","meta":{"footnotes":""},"class_list":["post-506","page","type-page","status-publish","hentry"],"_links":{"self":[{"href":"https:\/\/institutnps.com\/ca\/wp-json\/wp\/v2\/pages\/506","targetHints":{"allow":["GET"]}}],"collection":[{"href":"https:\/\/institutnps.com\/ca\/wp-json\/wp\/v2\/pages"}],"about":[{"href":"https:\/\/institutnps.com\/ca\/wp-json\/wp\/v2\/types\/page"}],"author":[{"embeddable":true,"href":"https:\/\/institutnps.com\/ca\/wp-json\/wp\/v2\/users\/2"}],"replies":[{"embeddable":true,"href":"https:\/\/institutnps.com\/ca\/wp-json\/wp\/v2\/comments?post=506"}],"version-history":[{"count":2,"href":"https:\/\/institutnps.com\/ca\/wp-json\/wp\/v2\/pages\/506\/revisions"}],"predecessor-version":[{"id":528,"href":"https:\/\/institutnps.com\/ca\/wp-json\/wp\/v2\/pages\/506\/revisions\/528"}],"wp:attachment":[{"href":"https:\/\/institutnps.com\/ca\/wp-json\/wp\/v2\/media?parent=506"}],"curies":[{"name":"wp","href":"https:\/\/api.w.org\/{rel}","templated":true}]}}