{"id":311,"date":"2015-08-03T10:48:41","date_gmt":"2015-08-03T08:48:41","guid":{"rendered":"http:\/\/institutnps.com\/?page_id=311"},"modified":"2020-04-29T11:53:37","modified_gmt":"2020-04-29T09:53:37","slug":"psicologia-clinica","status":"publish","type":"page","link":"https:\/\/institutnps.com\/ca\/serveis\/psicologia-clinica\/","title":{"rendered":"Psicologia Cl\u00ednica"},"content":{"rendered":"<p><strong>Psicologia Cl\u00ednica &#8211; Com treballem<\/strong><\/p>\n<p>El nostre model de tractament dintre de la psicolog\u00eda cl\u00ednica se basa en les Ter\u00e0pies Psicol\u00f2giques de Tercera Generaci\u00f3.<br \/>\nLes Ter\u00e0pies Psicol\u00f2giques de Tercera Generaci\u00f3 estan ajudant a millorar la vida de moltes persones en diferents \u00e0mbits. Aquestes son:<\/p>\n<p>La Ter\u00e0pia d&#8217;Acceptaci\u00f3 i Comprom\u00eds (ACT) (Hayes, Strosahl i Wilson, 1999; Wilson i Luciano, 2002), la Psicoter\u00e0pia Anal\u00edtic Funcional (FAP) i el Mindfulness.<\/p>\n<p>La ter\u00e0pia ACT, \u00e9s un abordatge terap\u00e8utic nou i efica\u00e7, que utilitza diferents protocols i exercicis experiencials per ajudar als pacients a canviar la seva relaci\u00f3 amb els seus pensaments i emocions doloroses i aix\u00ed ser capa\u00e7os a portar una vida d\u2019acord amb els seus valors. Com a ter\u00e0pia busca ajudar a les persones a que trobin significat al seu sofriment mentre s&#8217;acosten a actuar coherentment amb els seus valors (Wilson i Luciano, 2002).<br \/>\nACT assumeix que la majoria del sofriment psicol\u00f2gic es degut a que intentem evitar o eliminar experi\u00e8ncies internes desagradables com son els pensaments, records, imatges o sensacions. Aquests esfor\u00e7os poden tenir resultat a curt termini, per\u00f2 no funcionen a llarg termini, i creen generalment encara m\u00e9s sofriment psicol\u00f2gic ja que la vida de les persones est\u00e0 m\u00e9s orientada a desfer-se del malestar que a viure una vida plena.<br \/>\nACT ha demostrat ser beneficiosa per a una gran varietat de problemes cl\u00ednics, incloent depressi\u00f3, ansietat, estr\u00e8s, ab\u00fas de subst\u00e0ncies, dolor cr\u00f2nic&#8230;<\/p>\n<p>La FAP (Kohlenberg i Tsai, 1991), \u00e9s capa\u00e7 de crear un context terap\u00e8utic orientat al canvi. Ajuda al pacient i terapeuta a conceptualitzar cada cas individualment des d&#8217;un punt de partida fonamental: que el pacient entengui i experimenti la relaci\u00f3, a vegades contradict\u00f2ria, entre \u201cel que vol\u201d, \u201cel que fa\u201d i \u201cel que aconsegueix\u201d. L\u2019an\u00e0lisi funcional del cas permet adaptar-se a les caracter\u00edstiques del problema de cada pacient i proposar conjuntament solucions flexibles i personalitzades.<\/p>\n<p><img loading=\"lazy\" decoding=\"async\" class=\"alignnone wp-image-292 size-full\" src=\"http:\/\/institutnps.com\/wp-content\/uploads\/2015\/08\/Institut-NPS-Sabadell-4.jpg\" alt=\"Psicologia Cl\u00ednica - INPS Sabadell\" width=\"1200\" height=\"400\" srcset=\"https:\/\/institutnps.com\/wp-content\/uploads\/2015\/08\/Institut-NPS-Sabadell-4.jpg 1200w, https:\/\/institutnps.com\/wp-content\/uploads\/2015\/08\/Institut-NPS-Sabadell-4-300x100.jpg 300w, https:\/\/institutnps.com\/wp-content\/uploads\/2015\/08\/Institut-NPS-Sabadell-4-1030x343.jpg 1030w, https:\/\/institutnps.com\/wp-content\/uploads\/2015\/08\/Institut-NPS-Sabadell-4-705x235.jpg 705w, https:\/\/institutnps.com\/wp-content\/uploads\/2015\/08\/Institut-NPS-Sabadell-4-450x150.jpg 450w\" sizes=\"auto, (max-width: 1200px) 100vw, 1200px\" \/><\/p>\n","protected":false},"excerpt":{"rendered":"<p>Psicologia Cl\u00ednica &#8211; Com treballem El nostre model de tractament dintre de la psicolog\u00eda cl\u00ednica se basa en les Ter\u00e0pies Psicol\u00f2giques de Tercera Generaci\u00f3. Les Ter\u00e0pies Psicol\u00f2giques de Tercera Generaci\u00f3 estan ajudant a millorar la vida de moltes persones en diferents \u00e0mbits. Aquestes son: La Ter\u00e0pia d&#8217;Acceptaci\u00f3 i Comprom\u00eds (ACT) (Hayes, Strosahl i Wilson, 1999; [&hellip;]<\/p>\n","protected":false},"author":1,"featured_media":0,"parent":285,"menu_order":2,"comment_status":"closed","ping_status":"closed","template":"","meta":{"footnotes":""},"class_list":["post-311","page","type-page","status-publish","hentry"],"_links":{"self":[{"href":"https:\/\/institutnps.com\/ca\/wp-json\/wp\/v2\/pages\/311","targetHints":{"allow":["GET"]}}],"collection":[{"href":"https:\/\/institutnps.com\/ca\/wp-json\/wp\/v2\/pages"}],"about":[{"href":"https:\/\/institutnps.com\/ca\/wp-json\/wp\/v2\/types\/page"}],"author":[{"embeddable":true,"href":"https:\/\/institutnps.com\/ca\/wp-json\/wp\/v2\/users\/1"}],"replies":[{"embeddable":true,"href":"https:\/\/institutnps.com\/ca\/wp-json\/wp\/v2\/comments?post=311"}],"version-history":[{"count":5,"href":"https:\/\/institutnps.com\/ca\/wp-json\/wp\/v2\/pages\/311\/revisions"}],"predecessor-version":[{"id":467,"href":"https:\/\/institutnps.com\/ca\/wp-json\/wp\/v2\/pages\/311\/revisions\/467"}],"up":[{"embeddable":true,"href":"https:\/\/institutnps.com\/ca\/wp-json\/wp\/v2\/pages\/285"}],"wp:attachment":[{"href":"https:\/\/institutnps.com\/ca\/wp-json\/wp\/v2\/media?parent=311"}],"curies":[{"name":"wp","href":"https:\/\/api.w.org\/{rel}","templated":true}]}}