{"id":294,"date":"2015-08-03T10:34:31","date_gmt":"2015-08-03T08:34:31","guid":{"rendered":"http:\/\/institutnps.com\/?page_id=294"},"modified":"2015-08-03T10:52:14","modified_gmt":"2015-08-03T08:52:14","slug":"neuropsicologia","status":"publish","type":"page","link":"https:\/\/institutnps.com\/ca\/serveis\/neuropsicologia\/","title":{"rendered":"Neuropsicologia"},"content":{"rendered":"<p><strong>Neuropsicologia &#8211; Com treballem<\/strong><\/p>\n<p>L&#8217;Institut de Neuropsicologia i Psicologia Sabadell (INPS) atenem cada cas de forma individual i personalitzada, doncs, cada persona requereix ser atesa segons les seves necessitats personals.<\/p>\n<p>L&#8217;avaluaci\u00f3 neuropsicol\u00f2gica \u00e9s un m\u00e8tode diagn\u00f2stic que estudia el funcionament cerebral i permet al metge i a altres professionals de la salut comprendre com funcionen les diferents \u00e0rees i sistemes del cervell d&#8217;un pacient a trav\u00e9s de l\u2019estudi de les seves capacitats cognitives. Es recomana la realitzaci\u00f3 d&#8217;aquesta avaluaci\u00f3 quan existeixen s\u00edmptomes o queixes relacionades amb la mem\u00f2ria, l&#8217;atenci\u00f3, el llenguatge o el raonament.<\/p>\n<p>Es realitzar\u00e0 una avaluaci\u00f3 exhaustiva per determinar quines \u00e0rees cognitives estan preservades i quins estan alterades per aix\u00ed poder establir el seu estat actual i poder elaborar un pl\u00e0 terap\u00e8utic.<\/p>\n<p>El pl\u00e0 terap\u00e8utic pot incloure rehabilitaci\u00f3 cognitiva individual, assessorament a la fam\u00edlia, formaci\u00f3 al familiar de com pot col\u00b7laborar en la ter\u00e0pia amb el pacient i com adaptar-se a la nova situaci\u00f3.<\/p>\n<p>La rehabilitaci\u00f3 cognitiva \u00e9s un m\u00e8tode terap\u00e8utic destinat a millorar o compensar els d\u00e8ficits neuropsicol\u00f2gics produ\u00efts per processos que afecten el normal funcionament cerebral. Est\u00e0 indicat a aquelles persones que han sofert canvis en la seva capacitat de recordar, concentrar-se, pensar, parlar amb flu\u00efdesa, raonar, resoldre problemes, organitzar-se, etc. a causa de m\u00faltiples condicions: traumatisme de crani, epil\u00e8psia, malaltia d&#8217;Alzheimer, accident vascular, esclerosi m\u00faltiple, depressi\u00f3, esquizofr\u00e8nia etc.<\/p>\n<p>Tamb\u00e9 poden beneficiar-se de l&#8217;estimulaci\u00f3 cognitiva, les persones grans que troben que el seu funcionament quotidi\u00e0 ja no \u00e9s el mateix que abans i que es queixen d&#8217;oblits i distraccions freq\u00fcents (sense que aix\u00f2 sigui degut a cap causa org\u00e0nica). A trav\u00e9s de l&#8217;entrenament cognitiu (amb activitats que desafi\u00efn i mantinguin les seves capacitats cognitives), l\u2019aprenentatge d&#8217;estrat\u00e8gies i l&#8217;adquisici\u00f3 d&#8217;h\u00e0bits podran\u00a0 millorar la seva qualitat de vida.<\/p>\n<p><em>El\u00a0preu de la visita dependr\u00e0 de la complexitat de la valoraci\u00f3 neuropiscol\u00f2gica. Aquesta ve determinada per la simptomatologia que presenta el pacient, l&#8217;edat i l&#8217;escolaritat. Si \u00e9s una valoraci\u00f3 &#8220;est\u00e0ndard&#8221; el temps \u00e9s de \u00a0<\/em><em>1:30, si la valoraci\u00f3n \u00e9s complexa el temps \u00e9s de\u00a0<\/em><em>3 hores<\/em>.<img loading=\"lazy\" decoding=\"async\" class=\"aligncenter size-full wp-image-147\" src=\"http:\/\/institutnps.com\/wp-content\/uploads\/2015\/07\/Institut-NPS-Sabadell-3.jpg\" alt=\"Institut-NPS-Sabadell-(3)\" width=\"1200\" height=\"400\" srcset=\"https:\/\/institutnps.com\/wp-content\/uploads\/2015\/07\/Institut-NPS-Sabadell-3.jpg 1200w, https:\/\/institutnps.com\/wp-content\/uploads\/2015\/07\/Institut-NPS-Sabadell-3-300x100.jpg 300w, https:\/\/institutnps.com\/wp-content\/uploads\/2015\/07\/Institut-NPS-Sabadell-3-1030x343.jpg 1030w, https:\/\/institutnps.com\/wp-content\/uploads\/2015\/07\/Institut-NPS-Sabadell-3-705x235.jpg 705w, https:\/\/institutnps.com\/wp-content\/uploads\/2015\/07\/Institut-NPS-Sabadell-3-450x150.jpg 450w\" sizes=\"auto, (max-width: 1200px) 100vw, 1200px\" \/><\/p>\n<p>&nbsp;<\/p>\n","protected":false},"excerpt":{"rendered":"<p>Neuropsicologia &#8211; Com treballem L&#8217;Institut de Neuropsicologia i Psicologia Sabadell (INPS) atenem cada cas de forma individual i personalitzada, doncs, cada persona requereix ser atesa segons les seves necessitats personals. L&#8217;avaluaci\u00f3 neuropsicol\u00f2gica \u00e9s un m\u00e8tode diagn\u00f2stic que estudia el funcionament cerebral i permet al metge i a altres professionals de la salut comprendre com funcionen [&hellip;]<\/p>\n","protected":false},"author":1,"featured_media":0,"parent":285,"menu_order":0,"comment_status":"closed","ping_status":"closed","template":"","meta":{"footnotes":""},"class_list":["post-294","page","type-page","status-publish","hentry"],"_links":{"self":[{"href":"https:\/\/institutnps.com\/ca\/wp-json\/wp\/v2\/pages\/294","targetHints":{"allow":["GET"]}}],"collection":[{"href":"https:\/\/institutnps.com\/ca\/wp-json\/wp\/v2\/pages"}],"about":[{"href":"https:\/\/institutnps.com\/ca\/wp-json\/wp\/v2\/types\/page"}],"author":[{"embeddable":true,"href":"https:\/\/institutnps.com\/ca\/wp-json\/wp\/v2\/users\/1"}],"replies":[{"embeddable":true,"href":"https:\/\/institutnps.com\/ca\/wp-json\/wp\/v2\/comments?post=294"}],"version-history":[{"count":4,"href":"https:\/\/institutnps.com\/ca\/wp-json\/wp\/v2\/pages\/294\/revisions"}],"predecessor-version":[{"id":299,"href":"https:\/\/institutnps.com\/ca\/wp-json\/wp\/v2\/pages\/294\/revisions\/299"}],"up":[{"embeddable":true,"href":"https:\/\/institutnps.com\/ca\/wp-json\/wp\/v2\/pages\/285"}],"wp:attachment":[{"href":"https:\/\/institutnps.com\/ca\/wp-json\/wp\/v2\/media?parent=294"}],"curies":[{"name":"wp","href":"https:\/\/api.w.org\/{rel}","templated":true}]}}