{"id":285,"date":"2015-08-03T10:26:19","date_gmt":"2015-08-03T08:26:19","guid":{"rendered":"http:\/\/institutnps.com\/?page_id=285"},"modified":"2015-08-03T10:51:59","modified_gmt":"2015-08-03T08:51:59","slug":"serveis","status":"publish","type":"page","link":"https:\/\/institutnps.com\/ca\/serveis\/","title":{"rendered":"Serveis"},"content":{"rendered":"<div  class='flex_column av-av_one_third-2a9015ff38129c418a3f2eafba3e9512 av_one_third  avia-builder-el-0  el_before_av_one_third  avia-builder-el-first  first flex_column_div  '     ><style type=\"text\/css\" data-created_by=\"avia_inline_auto\" id=\"style-css-av-av_image-0063178f1d07a3738d4c528912cf98e1\">\n.avia-image-container.av-av_image-0063178f1d07a3738d4c528912cf98e1 img.avia_image{\nbox-shadow:none;\n}\n.avia-image-container.av-av_image-0063178f1d07a3738d4c528912cf98e1 .av-caption-image-overlay-bg{\nopacity:0.4;\nbackground-color:#000000;\n}\n.avia-image-container.av-av_image-0063178f1d07a3738d4c528912cf98e1 .av-image-caption-overlay-center{\ncolor:#ffffff;\n}\n<\/style>\n<div  class='avia-image-container av-av_image-0063178f1d07a3738d4c528912cf98e1 av-styling- av-img-linked avia-align-center  avia-builder-el-1  avia-builder-el-no-sibling  noHover av-overlay-hover-deactivate'   itemprop=\"image\" itemscope=\"itemscope\" itemtype=\"https:\/\/schema.org\/ImageObject\" ><div class=\"avia-image-container-inner\"><div class=\"avia-image-overlay-wrap\"><a href=\"https:\/\/institutnps.com\/ca\/serveis\/psicologia-clinica\/\" class='avia_image '  target=\"_blank\"  rel=\"noopener noreferrer\" aria-label='Institut-NPS-Sabadell-4'><div class=\"av-image-caption-overlay\"><div class=\"av-caption-image-overlay-bg\"><\/div><div class=\"av-image-caption-overlay-position\"><div class=\"av-image-caption-overlay-center\"><p>PSICOLOGIA CL\u00cdNICA<\/p>\n<\/div><\/div><\/div><img decoding=\"async\" fetchpriority=\"high\" class='wp-image-291 avia-img-lazy-loading-not-291 avia_image ' src=\"https:\/\/institutnps.com\/wp-content\/uploads\/2015\/08\/Institut-NPS-Sabadell-4.jpg\" alt='' title='Institut-NPS-Sabadell-4'  height=\"400\" width=\"1200\"  itemprop=\"thumbnailUrl\" srcset=\"https:\/\/institutnps.com\/wp-content\/uploads\/2015\/08\/Institut-NPS-Sabadell-4.jpg 1200w, https:\/\/institutnps.com\/wp-content\/uploads\/2015\/08\/Institut-NPS-Sabadell-4-300x100.jpg 300w, https:\/\/institutnps.com\/wp-content\/uploads\/2015\/08\/Institut-NPS-Sabadell-4-1030x343.jpg 1030w, https:\/\/institutnps.com\/wp-content\/uploads\/2015\/08\/Institut-NPS-Sabadell-4-705x235.jpg 705w, https:\/\/institutnps.com\/wp-content\/uploads\/2015\/08\/Institut-NPS-Sabadell-4-450x150.jpg 450w\" sizes=\"(max-width: 1200px) 100vw, 1200px\" \/><\/a><\/div><\/div><\/div><\/div><div  class='flex_column av-av_one_third-04353f495e7f4d44d4c865ad9b6bcf1b av_one_third  avia-builder-el-2  el_after_av_one_third  el_before_av_one_third  flex_column_div  '     ><style type=\"text\/css\" data-created_by=\"avia_inline_auto\" id=\"style-css-av-av_image-f010cc4ead1c52ce60838800925c414f\">\n.avia-image-container.av-av_image-f010cc4ead1c52ce60838800925c414f img.avia_image{\nbox-shadow:none;\n}\n.avia-image-container.av-av_image-f010cc4ead1c52ce60838800925c414f .av-caption-image-overlay-bg{\nopacity:0.4;\nbackground-color:#000000;\n}\n.avia-image-container.av-av_image-f010cc4ead1c52ce60838800925c414f .av-image-caption-overlay-center{\ncolor:#ffffff;\n}\n<\/style>\n<div  class='avia-image-container av-av_image-f010cc4ead1c52ce60838800925c414f av-styling- av-img-linked avia-align-center  avia-builder-el-3  avia-builder-el-no-sibling  noHover av-overlay-hover-deactivate'   itemprop=\"image\" itemscope=\"itemscope\" itemtype=\"https:\/\/schema.org\/ImageObject\" ><div class=\"avia-image-container-inner\"><div class=\"avia-image-overlay-wrap\"><a href=\"https:\/\/institutnps.com\/ca\/serveis\/neuropsicologia\/\" class='avia_image '  target=\"_blank\"  rel=\"noopener noreferrer\" aria-label='Institut-NPS-Sabadell-(3)'><div class=\"av-image-caption-overlay\"><div class=\"av-caption-image-overlay-bg\"><\/div><div class=\"av-image-caption-overlay-position\"><div class=\"av-image-caption-overlay-center\"><p>NEUROPSICOLOGIA<\/p>\n<\/div><\/div><\/div><img decoding=\"async\" fetchpriority=\"high\" class='wp-image-351 avia-img-lazy-loading-not-351 avia_image ' src=\"https:\/\/institutnps.com\/wp-content\/uploads\/2015\/07\/Institut-NPS-Sabadell-3.jpg\" alt='' title='Institut-NPS-Sabadell-(3)'  height=\"400\" width=\"1200\"  itemprop=\"thumbnailUrl\" srcset=\"https:\/\/institutnps.com\/wp-content\/uploads\/2015\/07\/Institut-NPS-Sabadell-3.jpg 1200w, https:\/\/institutnps.com\/wp-content\/uploads\/2015\/07\/Institut-NPS-Sabadell-3-300x100.jpg 300w, https:\/\/institutnps.com\/wp-content\/uploads\/2015\/07\/Institut-NPS-Sabadell-3-1030x343.jpg 1030w, https:\/\/institutnps.com\/wp-content\/uploads\/2015\/07\/Institut-NPS-Sabadell-3-705x235.jpg 705w, https:\/\/institutnps.com\/wp-content\/uploads\/2015\/07\/Institut-NPS-Sabadell-3-450x150.jpg 450w\" sizes=\"(max-width: 1200px) 100vw, 1200px\" \/><\/a><\/div><\/div><\/div><\/div><div  class='flex_column av-av_one_third-04353f495e7f4d44d4c865ad9b6bcf1b av_one_third  avia-builder-el-4  el_after_av_one_third  el_before_av_one_full  flex_column_div  '     ><style type=\"text\/css\" data-created_by=\"avia_inline_auto\" id=\"style-css-av-av_image-7e50af68c509bc647e7c111bba749717\">\n.avia-image-container.av-av_image-7e50af68c509bc647e7c111bba749717 img.avia_image{\nbox-shadow:none;\n}\n.avia-image-container.av-av_image-7e50af68c509bc647e7c111bba749717 .av-caption-image-overlay-bg{\nopacity:0.4;\nbackground-color:#000000;\n}\n.avia-image-container.av-av_image-7e50af68c509bc647e7c111bba749717 .av-image-caption-overlay-center{\ncolor:#ffffff;\n}\n<\/style>\n<div  class='avia-image-container av-av_image-7e50af68c509bc647e7c111bba749717 av-styling- av-img-linked avia-align-center  avia-builder-el-5  avia-builder-el-no-sibling  noHover av-overlay-hover-deactivate'   itemprop=\"image\" itemscope=\"itemscope\" itemtype=\"https:\/\/schema.org\/ImageObject\" ><div class=\"avia-image-container-inner\"><div class=\"avia-image-overlay-wrap\"><a href=\"https:\/\/institutnps.com\/ca\/serveis\/peritatge-del-dany-cerebral\/\" class='avia_image '  target=\"_blank\"  rel=\"noopener noreferrer\" aria-label='Institut-NPS-Sabadell-(4)'><div class=\"av-image-caption-overlay\"><div class=\"av-caption-image-overlay-bg\"><\/div><div class=\"av-image-caption-overlay-position\"><div class=\"av-image-caption-overlay-center\"><p>PERITATGE DANY CEREBRAL<\/p>\n<\/div><\/div><\/div><img decoding=\"async\" fetchpriority=\"high\" class='wp-image-352 avia-img-lazy-loading-not-352 avia_image ' src=\"https:\/\/institutnps.com\/wp-content\/uploads\/2015\/07\/Institut-NPS-Sabadell-4.jpg\" alt='' title='Institut-NPS-Sabadell-(4)'  height=\"400\" width=\"1200\"  itemprop=\"thumbnailUrl\" srcset=\"https:\/\/institutnps.com\/wp-content\/uploads\/2015\/07\/Institut-NPS-Sabadell-4.jpg 1200w, https:\/\/institutnps.com\/wp-content\/uploads\/2015\/07\/Institut-NPS-Sabadell-4-300x100.jpg 300w, https:\/\/institutnps.com\/wp-content\/uploads\/2015\/07\/Institut-NPS-Sabadell-4-1030x343.jpg 1030w, https:\/\/institutnps.com\/wp-content\/uploads\/2015\/07\/Institut-NPS-Sabadell-4-705x235.jpg 705w, https:\/\/institutnps.com\/wp-content\/uploads\/2015\/07\/Institut-NPS-Sabadell-4-450x150.jpg 450w\" sizes=\"(max-width: 1200px) 100vw, 1200px\" \/><\/a><\/div><\/div><\/div><\/div><div  class='flex_column av-av_one_full-2a9015ff38129c418a3f2eafba3e9512 av_one_full  avia-builder-el-6  el_after_av_one_third  avia-builder-el-last  first flex_column_div  column-top-margin'     ><section  class='av_textblock_section av-av_textblock-0366cc7376be6c9e82a3e9cc8987b64f '   itemscope=\"itemscope\" itemtype=\"https:\/\/schema.org\/CreativeWork\" ><div class='avia_textblock'  itemprop=\"text\" ><p>L&#8217;Institut de Neuropsicologia i Psicologia de Sabadell (INPS) \u00e9s un centre especialitzat en el diagn\u00f2stic i tractament del dany cerebral adquirit, patologia psicol\u00f2gica i psiqui\u00e0trica.<\/p>\n<p>L&#8217;Institut de Neuropsicologia i Psicologia Sabadell (INPS) proporciona una avaluaci\u00f3 \u00a0d&#8217;alta qualitat i serveix de tractament que inclouen:<\/p>\n<p><strong>Neuropsicologia<\/strong><\/p>\n<p>&#8211; Avaluaci\u00f3 neuropsicol\u00f2gica (dem\u00e8ncia, esclerosi m\u00faltiple, accident vascular cerebral, epil\u00e8psia, traumatisme craneoencef\u00e0lic, subjectes sans, etc.)<\/p>\n<p>&#8211; Rehabilitaci\u00f3 neuropsicol\u00f2gica<\/p>\n<p>&#8211; Tractament psicoeducatiu<\/p>\n<p>&#8211; Orientaci\u00f3 terap\u00e0utica a pacients i familiars<\/p>\n<p>&#8211; Peritatge del dany cerebral<\/p>\n<p><strong>Psicologia Cl\u00ednica<\/strong><\/p>\n<p>&#8211; Diagn\u00f2stic i tractament de transtorns de l&#8217;estat d&#8217;\u00e0nim<\/p>\n<p>&#8211; Ter\u00e0pia de parella i sexologia<\/p>\n<p>&#8211; Trastorns del control d&#8217; impulsos<\/p>\n<p>&#8211; Trastorns de personalitat<\/p>\n<p>&#8211; Entrenament en habilitats socials<\/p>\n<p>&#8211; Orientaci\u00f3 terap\u00e8utica a pacients i familiars<\/p>\n<p>&#8211; Peritatge \u00a0i perfils psicol\u00f2gi s<\/p>\n<p>En el nostre equip comptem amb neuropsic\u00f2lges, neur\u00f2leg, logopeda i consultors en psiquiatria.<\/p>\n<\/div><\/section><\/div><\/p>\n","protected":false},"excerpt":{"rendered":"","protected":false},"author":1,"featured_media":0,"parent":0,"menu_order":0,"comment_status":"open","ping_status":"closed","template":"","meta":{"footnotes":""},"class_list":["post-285","page","type-page","status-publish","hentry"],"_links":{"self":[{"href":"https:\/\/institutnps.com\/ca\/wp-json\/wp\/v2\/pages\/285","targetHints":{"allow":["GET"]}}],"collection":[{"href":"https:\/\/institutnps.com\/ca\/wp-json\/wp\/v2\/pages"}],"about":[{"href":"https:\/\/institutnps.com\/ca\/wp-json\/wp\/v2\/types\/page"}],"author":[{"embeddable":true,"href":"https:\/\/institutnps.com\/ca\/wp-json\/wp\/v2\/users\/1"}],"replies":[{"embeddable":true,"href":"https:\/\/institutnps.com\/ca\/wp-json\/wp\/v2\/comments?post=285"}],"version-history":[{"count":4,"href":"https:\/\/institutnps.com\/ca\/wp-json\/wp\/v2\/pages\/285\/revisions"}],"predecessor-version":[{"id":316,"href":"https:\/\/institutnps.com\/ca\/wp-json\/wp\/v2\/pages\/285\/revisions\/316"}],"wp:attachment":[{"href":"https:\/\/institutnps.com\/ca\/wp-json\/wp\/v2\/media?parent=285"}],"curies":[{"name":"wp","href":"https:\/\/api.w.org\/{rel}","templated":true}]}}