{"id":264,"date":"2015-08-03T09:45:28","date_gmt":"2015-08-03T07:45:28","guid":{"rendered":"http:\/\/institutnps.com\/?page_id=264"},"modified":"2015-08-03T10:15:16","modified_gmt":"2015-08-03T08:15:16","slug":"parlem-de","status":"publish","type":"page","link":"https:\/\/institutnps.com\/ca\/parlem-de\/","title":{"rendered":"Parlem de"},"content":{"rendered":"<div  data-slideshow-options=\"{&quot;animation&quot;:&quot;fade&quot;,&quot;autoplay&quot;:false,&quot;loop_autoplay&quot;:&quot;once&quot;,&quot;interval&quot;:5,&quot;loop_manual&quot;:&quot;manual-endless&quot;,&quot;autoplay_stopper&quot;:false,&quot;noNavigation&quot;:false,&quot;show_slide_delay&quot;:90}\" class='avia-content-slider avia-content-grid-active avia-content-slider1 avia-content-slider-even  avia-builder-el-0  avia-builder-el-no-sibling  av-slideshow-ui av-control-default   av-no-slider-navigation av-slideshow-manual av-loop-once av-loop-manual-endless '  itemscope=\"itemscope\" itemtype=\"https:\/\/schema.org\/Blog\" ><div class=\"avia-content-slider-inner\"><div class=\"slide-entry-wrap\"><article class='slide-entry flex_column  post-entry post-entry-556 slide-entry-overview slide-loop-1 slide-parity-odd  av_one_half first real-thumbnail posttype-post post-format-standard'  itemscope=\"itemscope\" itemtype=\"https:\/\/schema.org\/CreativeWork\" ><a href='https:\/\/institutnps.com\/ca\/rehabilitacio-neuropsicologica-2\/' data-rel='slide-1' class='slide-image' title='Rehabilitaci\u00f3 Neuropsicol\u00f2gica'><img decoding=\"async\" fetchpriority=\"high\" width=\"495\" height=\"400\" src=\"https:\/\/institutnps.com\/wp-content\/uploads\/2021\/04\/weightstrasnsparent-w1200-1-495x400.png\" class=\"wp-image-555 avia-img-lazy-loading-not-555 attachment-portfolio size-portfolio wp-post-image\" alt=\"\" srcset=\"https:\/\/institutnps.com\/wp-content\/uploads\/2021\/04\/weightstrasnsparent-w1200-1-495x400.png 495w, https:\/\/institutnps.com\/wp-content\/uploads\/2021\/04\/weightstrasnsparent-w1200-1-845x684.png 845w\" sizes=\"(max-width: 495px) 100vw, 495px\" \/><\/a><div class=\"slide-content\"><header class=\"entry-content-header\" aria-label=\"Slide: Rehabilitaci\u00f3 Neuropsicol\u00f2gica\"><h3 class='slide-entry-title entry-title '  itemprop=\"headline\" ><a href='https:\/\/institutnps.com\/ca\/rehabilitacio-neuropsicologica-2\/' title='Rehabilitaci\u00f3 Neuropsicol\u00f2gica'>Rehabilitaci\u00f3 Neuropsicol\u00f2gica<\/a><\/h3><span class=\"av-vertical-delimiter\"><\/span><\/header><div class=\"slide-meta\"><time class='slide-meta-time updated'  itemprop=\"datePublished\" datetime=\"2021-04-27T19:20:00+02:00\" >27 d'abril de 2021<\/time><div class=\"slide-meta-del\">\/<\/div><div class=\"slide-meta-comments\"><a href='https:\/\/institutnps.com\/ca\/rehabilitacio-neuropsicologica-2\/#respond'>0 Comments<\/a><\/div><\/div><div class='slide-entry-excerpt entry-content'  itemprop=\"text\" >&nbsp;\r\n\r\nA l\u2019Institut de Neuropsicologia i Psicologia de Sabadell\u2026<div class=\"read-more-link\"><a href=\"https:\/\/institutnps.com\/ca\/rehabilitacio-neuropsicologica-2\/\" class=\"more-link\">Llegir m\u00e9s<span class='more-link-arrow avia-svg-icon avia-font-svg_entypo-fontello' data-av_svg_icon='right-open-big' data-av_iconset='svg_entypo-fontello'><svg version=\"1.1\" xmlns=\"http:\/\/www.w3.org\/2000\/svg\" width=\"15\" height=\"32\" viewBox=\"0 0 15 32\" preserveAspectRatio=\"xMidYMid meet\" role=\"graphics-symbol\" aria-hidden=\"true\">\n<path d=\"M0.416 27.84l11.456-11.84-11.456-11.904q-0.832-0.832 0-1.536 0.832-0.832 1.536 0l12.544 12.608q0.768 0.832 0 1.6l-12.544 12.608q-0.704 0.832-1.536 0-0.832-0.704 0-1.536z\"><\/path>\n<\/svg><\/span><\/a><\/div><\/div><\/div><footer class=\"entry-footer\"><\/footer><span class='hidden'>\n\t\t\t\t<span class='av-structured-data'  itemprop=\"image\" itemscope=\"itemscope\" itemtype=\"https:\/\/schema.org\/ImageObject\" >\n\t\t\t\t\t\t<span itemprop='url'>https:\/\/institutnps.com\/wp-content\/uploads\/2021\/04\/weightstrasnsparent-w1200-1.png<\/span>\n\t\t\t\t\t\t<span itemprop='height'>839<\/span>\n\t\t\t\t\t\t<span itemprop='width'>962<\/span>\n\t\t\t\t<\/span>\n\t\t\t\t<span class='av-structured-data'  itemprop=\"publisher\" itemtype=\"https:\/\/schema.org\/Organization\" itemscope=\"itemscope\" >\n\t\t\t\t\t\t<span itemprop='name'>Institut NPS<\/span>\n\t\t\t\t\t\t<span itemprop='logo' itemscope itemtype='https:\/\/schema.org\/ImageObject'>\n\t\t\t\t\t\t\t<span itemprop='url'>http:\/\/institutnps.com\/wp-content\/uploads\/2014\/04\/logo-inps.jpg<\/span>\n\t\t\t\t\t\t<\/span>\n\t\t\t\t<\/span><span class='av-structured-data'  itemprop=\"author\" itemscope=\"itemscope\" itemtype=\"https:\/\/schema.org\/Person\" ><span itemprop='name'>Institut NPS<\/span><\/span><span class='av-structured-data'  itemprop=\"datePublished\" datetime=\"2015-08-03T09:45:28+02:00\" >2021-04-27 19:20:00<\/span><span class='av-structured-data'  itemprop=\"dateModified\" itemtype=\"https:\/\/schema.org\/dateModified\" >2021-04-27 19:20:00<\/span><span class='av-structured-data'  itemprop=\"mainEntityOfPage\" itemtype=\"https:\/\/schema.org\/mainEntityOfPage\" ><span itemprop='name'>Rehabilitaci\u00f3 Neuropsicol\u00f2gica<\/span><\/span><\/span><\/article><article class='slide-entry flex_column  post-entry post-entry-517 slide-entry-overview slide-loop-2 slide-parity-even  av_one_half  real-thumbnail posttype-post post-format-standard'  itemscope=\"itemscope\" itemtype=\"https:\/\/schema.org\/CreativeWork\" ><a href='https:\/\/institutnps.com\/ca\/la-fibromialgia-em-pot-causar-deficits-cognitius-i-o-emocionals\/' data-rel='slide-1' class='slide-image' title='La Fibromi\u00e0lgia em pot causar d\u00e8ficits cognitius i\/o emocionals?'><img decoding=\"async\" fetchpriority=\"high\" width=\"300\" height=\"236\" src=\"https:\/\/institutnps.com\/wp-content\/uploads\/2020\/05\/puntos-dolorosos_fibromialgia-300x236-1.png\" class=\"wp-image-481 avia-img-lazy-loading-not-481 attachment-portfolio size-portfolio wp-post-image\" alt=\"\" \/><\/a><div class=\"slide-content\"><header class=\"entry-content-header\" aria-label=\"Slide: La Fibromi\u00e0lgia em pot causar d\u00e8ficits cognitius i\/o emocionals?\"><h3 class='slide-entry-title entry-title '  itemprop=\"headline\" ><a href='https:\/\/institutnps.com\/ca\/la-fibromialgia-em-pot-causar-deficits-cognitius-i-o-emocionals\/' title='La Fibromi\u00e0lgia em pot causar d\u00e8ficits cognitius i\/o emocionals?'>La Fibromi\u00e0lgia em pot causar d\u00e8ficits cognitius i\/o emocionals?<\/a><\/h3><span class=\"av-vertical-delimiter\"><\/span><\/header><div class=\"slide-meta\"><time class='slide-meta-time updated'  itemprop=\"datePublished\" datetime=\"2020-05-10T15:26:41+02:00\" >10 de maig de 2020<\/time><div class=\"slide-meta-del\">\/<\/div><div class=\"slide-meta-comments\"><a href='https:\/\/institutnps.com\/ca\/la-fibromialgia-em-pot-causar-deficits-cognitius-i-o-emocionals\/#respond'>0 Comments<\/a><\/div><\/div><div class='slide-entry-excerpt entry-content'  itemprop=\"text\" >Qu\u00e8 \u00e9s la fibromi\u00e0lgia?\r\n\r\n\u00c9s una s\u00edndrome cr\u00f2nica que\u2026<div class=\"read-more-link\"><a href=\"https:\/\/institutnps.com\/ca\/la-fibromialgia-em-pot-causar-deficits-cognitius-i-o-emocionals\/\" class=\"more-link\">Llegir m\u00e9s<span class='more-link-arrow avia-svg-icon avia-font-svg_entypo-fontello' data-av_svg_icon='right-open-big' data-av_iconset='svg_entypo-fontello'><svg version=\"1.1\" xmlns=\"http:\/\/www.w3.org\/2000\/svg\" width=\"15\" height=\"32\" viewBox=\"0 0 15 32\" preserveAspectRatio=\"xMidYMid meet\" role=\"graphics-symbol\" aria-hidden=\"true\">\n<path d=\"M0.416 27.84l11.456-11.84-11.456-11.904q-0.832-0.832 0-1.536 0.832-0.832 1.536 0l12.544 12.608q0.768 0.832 0 1.6l-12.544 12.608q-0.704 0.832-1.536 0-0.832-0.704 0-1.536z\"><\/path>\n<\/svg><\/span><\/a><\/div><\/div><\/div><footer class=\"entry-footer\"><\/footer><span class='hidden'>\n\t\t\t\t<span class='av-structured-data'  itemprop=\"image\" itemscope=\"itemscope\" itemtype=\"https:\/\/schema.org\/ImageObject\" >\n\t\t\t\t\t\t<span itemprop='url'>https:\/\/institutnps.com\/wp-content\/uploads\/2020\/05\/puntos-dolorosos_fibromialgia-300x236-1.png<\/span>\n\t\t\t\t\t\t<span itemprop='height'>236<\/span>\n\t\t\t\t\t\t<span itemprop='width'>300<\/span>\n\t\t\t\t<\/span>\n\t\t\t\t<span class='av-structured-data'  itemprop=\"publisher\" itemtype=\"https:\/\/schema.org\/Organization\" itemscope=\"itemscope\" >\n\t\t\t\t\t\t<span itemprop='name'>Institut NPS<\/span>\n\t\t\t\t\t\t<span itemprop='logo' itemscope itemtype='https:\/\/schema.org\/ImageObject'>\n\t\t\t\t\t\t\t<span itemprop='url'>http:\/\/institutnps.com\/wp-content\/uploads\/2014\/04\/logo-inps.jpg<\/span>\n\t\t\t\t\t\t<\/span>\n\t\t\t\t<\/span><span class='av-structured-data'  itemprop=\"author\" itemscope=\"itemscope\" itemtype=\"https:\/\/schema.org\/Person\" ><span itemprop='name'>Institut NPS<\/span><\/span><span class='av-structured-data'  itemprop=\"datePublished\" datetime=\"2015-08-03T09:45:28+02:00\" >2020-05-10 15:26:41<\/span><span class='av-structured-data'  itemprop=\"dateModified\" itemtype=\"https:\/\/schema.org\/dateModified\" >2020-05-10 15:26:41<\/span><span class='av-structured-data'  itemprop=\"mainEntityOfPage\" itemtype=\"https:\/\/schema.org\/mainEntityOfPage\" ><span itemprop='name'>La Fibromi\u00e0lgia em pot causar d\u00e8ficits cognitius i\/o emocionals?<\/span><\/span><\/span><\/article><\/div><div class=\"slide-entry-wrap\"><article class='slide-entry flex_column  post-entry post-entry-509 slide-entry-overview slide-loop-3 slide-parity-odd  av_one_half first real-thumbnail posttype-post post-format-standard'  itemscope=\"itemscope\" itemtype=\"https:\/\/schema.org\/CreativeWork\" ><a href='https:\/\/institutnps.com\/ca\/malaltia-dalzheimer-i-confinament\/' data-rel='slide-1' class='slide-image' title='Malaltia d\u2019Alzheimer i confinament'><img decoding=\"async\" fetchpriority=\"high\" width=\"495\" height=\"400\" src=\"https:\/\/institutnps.com\/wp-content\/uploads\/2020\/05\/Alzheimer-CDC-1024x576-1-495x400.jpg\" class=\"wp-image-511 avia-img-lazy-loading-not-511 attachment-portfolio size-portfolio wp-post-image\" alt=\"Alzheimer\" \/><\/a><div class=\"slide-content\"><header class=\"entry-content-header\" aria-label=\"Slide: Malaltia d\u2019Alzheimer i confinament\"><h3 class='slide-entry-title entry-title '  itemprop=\"headline\" ><a href='https:\/\/institutnps.com\/ca\/malaltia-dalzheimer-i-confinament\/' title='Malaltia d\u2019Alzheimer i confinament'>Malaltia d\u2019Alzheimer i confinament<\/a><\/h3><span class=\"av-vertical-delimiter\"><\/span><\/header><div class=\"slide-meta\"><time class='slide-meta-time updated'  itemprop=\"datePublished\" datetime=\"2020-05-10T15:20:44+02:00\" >10 de maig de 2020<\/time><div class=\"slide-meta-del\">\/<\/div><div class=\"slide-meta-comments\"><a href='https:\/\/institutnps.com\/ca\/malaltia-dalzheimer-i-confinament\/#respond'>0 Comments<\/a><\/div><\/div><div class='slide-entry-excerpt entry-content'  itemprop=\"text\" >Gestionar el confinament amb persones amb Alzheimer no \u00e9s f\u00e0cil.\u2026<div class=\"read-more-link\"><a href=\"https:\/\/institutnps.com\/ca\/malaltia-dalzheimer-i-confinament\/\" class=\"more-link\">Llegir m\u00e9s<span class='more-link-arrow avia-svg-icon avia-font-svg_entypo-fontello' data-av_svg_icon='right-open-big' data-av_iconset='svg_entypo-fontello'><svg version=\"1.1\" xmlns=\"http:\/\/www.w3.org\/2000\/svg\" width=\"15\" height=\"32\" viewBox=\"0 0 15 32\" preserveAspectRatio=\"xMidYMid meet\" role=\"graphics-symbol\" aria-hidden=\"true\">\n<path d=\"M0.416 27.84l11.456-11.84-11.456-11.904q-0.832-0.832 0-1.536 0.832-0.832 1.536 0l12.544 12.608q0.768 0.832 0 1.6l-12.544 12.608q-0.704 0.832-1.536 0-0.832-0.704 0-1.536z\"><\/path>\n<\/svg><\/span><\/a><\/div><\/div><\/div><footer class=\"entry-footer\"><\/footer><span class='hidden'>\n\t\t\t\t<span class='av-structured-data'  itemprop=\"image\" itemscope=\"itemscope\" itemtype=\"https:\/\/schema.org\/ImageObject\" >\n\t\t\t\t\t\t<span itemprop='url'>https:\/\/institutnps.com\/wp-content\/uploads\/2020\/05\/Alzheimer-CDC-1024x576-1.jpg<\/span>\n\t\t\t\t\t\t<span itemprop='height'>576<\/span>\n\t\t\t\t\t\t<span itemprop='width'>1024<\/span>\n\t\t\t\t<\/span>\n\t\t\t\t<span class='av-structured-data'  itemprop=\"publisher\" itemtype=\"https:\/\/schema.org\/Organization\" itemscope=\"itemscope\" >\n\t\t\t\t\t\t<span itemprop='name'>Institut NPS<\/span>\n\t\t\t\t\t\t<span itemprop='logo' itemscope itemtype='https:\/\/schema.org\/ImageObject'>\n\t\t\t\t\t\t\t<span itemprop='url'>http:\/\/institutnps.com\/wp-content\/uploads\/2014\/04\/logo-inps.jpg<\/span>\n\t\t\t\t\t\t<\/span>\n\t\t\t\t<\/span><span class='av-structured-data'  itemprop=\"author\" itemscope=\"itemscope\" itemtype=\"https:\/\/schema.org\/Person\" ><span itemprop='name'>Institut NPS<\/span><\/span><span class='av-structured-data'  itemprop=\"datePublished\" datetime=\"2015-08-03T09:45:28+02:00\" >2020-05-10 15:20:44<\/span><span class='av-structured-data'  itemprop=\"dateModified\" itemtype=\"https:\/\/schema.org\/dateModified\" >2020-05-10 15:22:10<\/span><span class='av-structured-data'  itemprop=\"mainEntityOfPage\" itemtype=\"https:\/\/schema.org\/mainEntityOfPage\" ><span itemprop='name'>Malaltia d\u2019Alzheimer i confinament<\/span><\/span><\/span><\/article><article class='slide-entry flex_column  post-entry post-entry-266 slide-entry-overview slide-loop-4 slide-parity-even  av_one_half  real-thumbnail posttype-post post-format-standard'  itemscope=\"itemscope\" itemtype=\"https:\/\/schema.org\/CreativeWork\" ><a href='https:\/\/institutnps.com\/ca\/rehabilitacio-neuropsicologica\/' data-rel='slide-1' class='slide-image' title='Rehabilitaci\u00f3 neuropsicol\u00f2gica'><img decoding=\"async\" fetchpriority=\"high\" width=\"495\" height=\"300\" src=\"https:\/\/institutnps.com\/wp-content\/uploads\/2015\/07\/rehabilitacio-cognitiva-495x300.jpg\" class=\"wp-image-267 avia-img-lazy-loading-not-267 attachment-portfolio size-portfolio wp-post-image\" alt=\"INPS rehabilitaci\u00f3 cognitiva\" \/><\/a><div class=\"slide-content\"><header class=\"entry-content-header\" aria-label=\"Slide: Rehabilitaci\u00f3 neuropsicol\u00f2gica\"><h3 class='slide-entry-title entry-title '  itemprop=\"headline\" ><a href='https:\/\/institutnps.com\/ca\/rehabilitacio-neuropsicologica\/' title='Rehabilitaci\u00f3 neuropsicol\u00f2gica'>Rehabilitaci\u00f3 neuropsicol\u00f2gica<\/a><\/h3><span class=\"av-vertical-delimiter\"><\/span><\/header><div class=\"slide-meta\"><time class='slide-meta-time updated'  itemprop=\"datePublished\" datetime=\"2015-07-14T09:48:28+02:00\" >14 de juliol de 2015<\/time><div class=\"slide-meta-del\">\/<\/div><div class=\"slide-meta-comments\"><a href='https:\/\/institutnps.com\/ca\/rehabilitacio-neuropsicologica\/#respond'>0 Comments<\/a><\/div><\/div><div class='slide-entry-excerpt entry-content'  itemprop=\"text\" >REHABILITACI\u00d3 NEUROPSICOL\u00d2GICA\r\n\r\nJUAN M. MU\u00d1OZ CESPEDES;\u2026<div class=\"read-more-link\"><a href=\"https:\/\/institutnps.com\/ca\/rehabilitacio-neuropsicologica\/\" class=\"more-link\">Llegir m\u00e9s<span class='more-link-arrow avia-svg-icon avia-font-svg_entypo-fontello' data-av_svg_icon='right-open-big' data-av_iconset='svg_entypo-fontello'><svg version=\"1.1\" xmlns=\"http:\/\/www.w3.org\/2000\/svg\" width=\"15\" height=\"32\" viewBox=\"0 0 15 32\" preserveAspectRatio=\"xMidYMid meet\" role=\"graphics-symbol\" aria-hidden=\"true\">\n<path d=\"M0.416 27.84l11.456-11.84-11.456-11.904q-0.832-0.832 0-1.536 0.832-0.832 1.536 0l12.544 12.608q0.768 0.832 0 1.6l-12.544 12.608q-0.704 0.832-1.536 0-0.832-0.704 0-1.536z\"><\/path>\n<\/svg><\/span><\/a><\/div><\/div><\/div><footer class=\"entry-footer\"><\/footer><span class='hidden'>\n\t\t\t\t<span class='av-structured-data'  itemprop=\"image\" itemscope=\"itemscope\" itemtype=\"https:\/\/schema.org\/ImageObject\" >\n\t\t\t\t\t\t<span itemprop='url'>https:\/\/institutnps.com\/wp-content\/uploads\/2015\/07\/rehabilitacio-cognitiva.jpg<\/span>\n\t\t\t\t\t\t<span itemprop='height'>300<\/span>\n\t\t\t\t\t\t<span itemprop='width'>674<\/span>\n\t\t\t\t<\/span>\n\t\t\t\t<span class='av-structured-data'  itemprop=\"publisher\" itemtype=\"https:\/\/schema.org\/Organization\" itemscope=\"itemscope\" >\n\t\t\t\t\t\t<span itemprop='name'>Institut NPS<\/span>\n\t\t\t\t\t\t<span itemprop='logo' itemscope itemtype='https:\/\/schema.org\/ImageObject'>\n\t\t\t\t\t\t\t<span itemprop='url'>http:\/\/institutnps.com\/wp-content\/uploads\/2014\/04\/logo-inps.jpg<\/span>\n\t\t\t\t\t\t<\/span>\n\t\t\t\t<\/span><span class='av-structured-data'  itemprop=\"author\" itemscope=\"itemscope\" itemtype=\"https:\/\/schema.org\/Person\" ><span itemprop='name'>Institut NPS<\/span><\/span><span class='av-structured-data'  itemprop=\"datePublished\" datetime=\"2015-08-03T09:45:28+02:00\" >2015-07-14 09:48:28<\/span><span class='av-structured-data'  itemprop=\"dateModified\" itemtype=\"https:\/\/schema.org\/dateModified\" >2015-08-03 11:09:41<\/span><span class='av-structured-data'  itemprop=\"mainEntityOfPage\" itemtype=\"https:\/\/schema.org\/mainEntityOfPage\" ><span itemprop='name'>Rehabilitaci\u00f3 neuropsicol\u00f2gica<\/span><\/span><\/span><\/article><\/div><div class=\"slide-entry-wrap\"><article class='slide-entry flex_column  post-entry post-entry-270 slide-entry-overview slide-loop-5 slide-parity-odd  post-entry-last  av_one_half first real-thumbnail posttype-post post-format-standard'  itemscope=\"itemscope\" itemtype=\"https:\/\/schema.org\/CreativeWork\" ><a href='https:\/\/institutnps.com\/ca\/alimentacio-saludable-i-envelliment\/' data-rel='slide-1' class='slide-image' title='L&#8217;alimentaci\u00f3 saludable i envelliment'><img decoding=\"async\" fetchpriority=\"high\" width=\"495\" height=\"400\" src=\"https:\/\/institutnps.com\/wp-content\/uploads\/2015\/07\/alimentaci\u00f3n-en-adultos-495x400.jpg\" class=\"wp-image-271 avia-img-lazy-loading-not-271 attachment-portfolio size-portfolio wp-post-image\" alt=\"\" \/><\/a><div class=\"slide-content\"><header class=\"entry-content-header\" aria-label=\"Slide: L&#039;alimentaci\u00f3 saludable i envelliment\"><h3 class='slide-entry-title entry-title '  itemprop=\"headline\" ><a href='https:\/\/institutnps.com\/ca\/alimentacio-saludable-i-envelliment\/' title='L&#8217;alimentaci\u00f3 saludable i envelliment'>L&#8217;alimentaci\u00f3 saludable i envelliment<\/a><\/h3><span class=\"av-vertical-delimiter\"><\/span><\/header><div class=\"slide-meta\"><time class='slide-meta-time updated'  itemprop=\"datePublished\" datetime=\"2015-06-12T09:50:24+02:00\" >12 de juny de 2015<\/time><div class=\"slide-meta-del\">\/<\/div><div class=\"slide-meta-comments\"><a href='https:\/\/institutnps.com\/ca\/alimentacio-saludable-i-envelliment\/#respond'>0 Comments<\/a><\/div><\/div><div class='slide-entry-excerpt entry-content'  itemprop=\"text\" >L'alimentaci\u00f3 saludable podria protegir el cervell de l'envelliment.\r\n\r\nLas\u2026<div class=\"read-more-link\"><a href=\"https:\/\/institutnps.com\/ca\/alimentacio-saludable-i-envelliment\/\" class=\"more-link\">Llegir m\u00e9s<span class='more-link-arrow avia-svg-icon avia-font-svg_entypo-fontello' data-av_svg_icon='right-open-big' data-av_iconset='svg_entypo-fontello'><svg version=\"1.1\" xmlns=\"http:\/\/www.w3.org\/2000\/svg\" width=\"15\" height=\"32\" viewBox=\"0 0 15 32\" preserveAspectRatio=\"xMidYMid meet\" role=\"graphics-symbol\" aria-hidden=\"true\">\n<path d=\"M0.416 27.84l11.456-11.84-11.456-11.904q-0.832-0.832 0-1.536 0.832-0.832 1.536 0l12.544 12.608q0.768 0.832 0 1.6l-12.544 12.608q-0.704 0.832-1.536 0-0.832-0.704 0-1.536z\"><\/path>\n<\/svg><\/span><\/a><\/div><\/div><\/div><footer class=\"entry-footer\"><\/footer><span class='hidden'>\n\t\t\t\t<span class='av-structured-data'  itemprop=\"image\" itemscope=\"itemscope\" itemtype=\"https:\/\/schema.org\/ImageObject\" >\n\t\t\t\t\t\t<span itemprop='url'>https:\/\/institutnps.com\/wp-content\/uploads\/2015\/07\/alimentaci\u00f3n-en-adultos.jpg<\/span>\n\t\t\t\t\t\t<span itemprop='height'>726<\/span>\n\t\t\t\t\t\t<span itemprop='width'>800<\/span>\n\t\t\t\t<\/span>\n\t\t\t\t<span class='av-structured-data'  itemprop=\"publisher\" itemtype=\"https:\/\/schema.org\/Organization\" itemscope=\"itemscope\" >\n\t\t\t\t\t\t<span itemprop='name'>Institut NPS<\/span>\n\t\t\t\t\t\t<span itemprop='logo' itemscope itemtype='https:\/\/schema.org\/ImageObject'>\n\t\t\t\t\t\t\t<span itemprop='url'>http:\/\/institutnps.com\/wp-content\/uploads\/2014\/04\/logo-inps.jpg<\/span>\n\t\t\t\t\t\t<\/span>\n\t\t\t\t<\/span><span class='av-structured-data'  itemprop=\"author\" itemscope=\"itemscope\" itemtype=\"https:\/\/schema.org\/Person\" ><span itemprop='name'>Institut NPS<\/span><\/span><span class='av-structured-data'  itemprop=\"datePublished\" datetime=\"2015-08-03T09:45:28+02:00\" >2015-06-12 09:50:24<\/span><span class='av-structured-data'  itemprop=\"dateModified\" itemtype=\"https:\/\/schema.org\/dateModified\" >2015-08-03 11:08:50<\/span><span class='av-structured-data'  itemprop=\"mainEntityOfPage\" itemtype=\"https:\/\/schema.org\/mainEntityOfPage\" ><span itemprop='name'>L&#8217;alimentaci\u00f3 saludable i envelliment<\/span><\/span><\/span><\/article><\/div><\/div><\/div>\n","protected":false},"excerpt":{"rendered":"","protected":false},"author":1,"featured_media":0,"parent":0,"menu_order":0,"comment_status":"open","ping_status":"closed","template":"","meta":{"footnotes":""},"class_list":["post-264","page","type-page","status-publish","hentry"],"_links":{"self":[{"href":"https:\/\/institutnps.com\/ca\/wp-json\/wp\/v2\/pages\/264","targetHints":{"allow":["GET"]}}],"collection":[{"href":"https:\/\/institutnps.com\/ca\/wp-json\/wp\/v2\/pages"}],"about":[{"href":"https:\/\/institutnps.com\/ca\/wp-json\/wp\/v2\/types\/page"}],"author":[{"embeddable":true,"href":"https:\/\/institutnps.com\/ca\/wp-json\/wp\/v2\/users\/1"}],"replies":[{"embeddable":true,"href":"https:\/\/institutnps.com\/ca\/wp-json\/wp\/v2\/comments?post=264"}],"version-history":[{"count":2,"href":"https:\/\/institutnps.com\/ca\/wp-json\/wp\/v2\/pages\/264\/revisions"}],"predecessor-version":[{"id":284,"href":"https:\/\/institutnps.com\/ca\/wp-json\/wp\/v2\/pages\/264\/revisions\/284"}],"wp:attachment":[{"href":"https:\/\/institutnps.com\/ca\/wp-json\/wp\/v2\/media?parent=264"}],"curies":[{"name":"wp","href":"https:\/\/api.w.org\/{rel}","templated":true}]}}