{"id":255,"date":"2015-08-03T09:39:54","date_gmt":"2015-08-03T07:39:54","guid":{"rendered":"http:\/\/institutnps.com\/?page_id=255"},"modified":"2020-05-06T15:41:42","modified_gmt":"2020-05-06T13:41:42","slug":"institut-nps","status":"publish","type":"page","link":"https:\/\/institutnps.com\/ca\/","title":{"rendered":"Institut de neuropsicologia i psicologia Sabadell"},"content":{"rendered":"<div id='full_slider_1'  class='avia-fullwidth-slider main_color avia-shadow   avia-builder-el-0  el_before_av_one_third  avia-builder-el-first   container_wrap fullsize'  >\n<style type=\"text\/css\" data-created_by=\"avia_inline_auto\" id=\"style-css-av-k9ve37pk-ce4895a8cd0ec5fa0aa3c228384f23f5\">\n#top #wrap_all .avia-slideshow .av-slideshow-caption.av-k9ve37pk-ce4895a8cd0ec5fa0aa3c228384f23f5__0 .avia-caption-title{\nfont-size:35px;\n}\n<\/style>\n<div  class='avia-slideshow av-k9ve37pk-ce4895a8cd0ec5fa0aa3c228384f23f5 avia-slideshow-featured av_slideshow_full avia-fade-slider av-slideshow-ui av-control-default av-slideshow-autoplay av-loop-endless av-loop-manual-endless av-default-height-applied   avia-slideshow-1' data-slideshow-options=\"{&quot;animation&quot;:&quot;fade&quot;,&quot;autoplay&quot;:true,&quot;loop_autoplay&quot;:&quot;endless&quot;,&quot;interval&quot;:5,&quot;loop_manual&quot;:&quot;manual-endless&quot;,&quot;autoplay_stopper&quot;:false,&quot;noNavigation&quot;:false,&quot;bg_slider&quot;:false,&quot;keep_padding&quot;:false,&quot;hoverpause&quot;:false,&quot;show_slide_delay&quot;:0}\"  itemprop=\"image\" itemscope=\"itemscope\" itemtype=\"https:\/\/schema.org\/ImageObject\" ><ul class='avia-slideshow-inner ' style='padding-bottom: 33.333333333333%;'><li  class='avia-slideshow-slide av-k9ve37pk-ce4895a8cd0ec5fa0aa3c228384f23f5__0  slide-1 slide-odd'><div data-rel='slideshow-1' class='avia-slide-wrap '   ><img decoding=\"async\" fetchpriority=\"high\" class=\"wp-image-350 avia-img-lazy-loading-not-350\"  src=\"https:\/\/institutnps.com\/wp-content\/uploads\/2015\/07\/Institut-NPS-Sabadell-2.jpg\" width=\"1200\" height=\"400\" title='Institut NPS Sabadell (2)' alt=''  itemprop=\"thumbnailUrl\" srcset=\"https:\/\/institutnps.com\/wp-content\/uploads\/2015\/07\/Institut-NPS-Sabadell-2.jpg 1200w, https:\/\/institutnps.com\/wp-content\/uploads\/2015\/07\/Institut-NPS-Sabadell-2-300x100.jpg 300w, https:\/\/institutnps.com\/wp-content\/uploads\/2015\/07\/Institut-NPS-Sabadell-2-1030x343.jpg 1030w, https:\/\/institutnps.com\/wp-content\/uploads\/2015\/07\/Institut-NPS-Sabadell-2-705x235.jpg 705w, https:\/\/institutnps.com\/wp-content\/uploads\/2015\/07\/Institut-NPS-Sabadell-2-450x150.jpg 450w\" sizes=\"(max-width: 1200px) 100vw, 1200px\" \/><\/div><\/li><li  class='avia-slideshow-slide av-k9ve37pk-ce4895a8cd0ec5fa0aa3c228384f23f5__1  slide-2 slide-even'><div data-rel='slideshow-1' class='avia-slide-wrap '   ><img decoding=\"async\" fetchpriority=\"high\" class=\"wp-image-353 avia-img-lazy-loading-not-353\"  src=\"https:\/\/institutnps.com\/wp-content\/uploads\/2015\/07\/Institut-NPS-Sabadell-41.jpg\" width=\"1200\" height=\"400\" title='Institut-NPS-Sabadell-4' alt=''  itemprop=\"thumbnailUrl\" srcset=\"https:\/\/institutnps.com\/wp-content\/uploads\/2015\/07\/Institut-NPS-Sabadell-41.jpg 1200w, https:\/\/institutnps.com\/wp-content\/uploads\/2015\/07\/Institut-NPS-Sabadell-41-300x100.jpg 300w, https:\/\/institutnps.com\/wp-content\/uploads\/2015\/07\/Institut-NPS-Sabadell-41-1030x343.jpg 1030w, https:\/\/institutnps.com\/wp-content\/uploads\/2015\/07\/Institut-NPS-Sabadell-41-705x235.jpg 705w, https:\/\/institutnps.com\/wp-content\/uploads\/2015\/07\/Institut-NPS-Sabadell-41-450x150.jpg 450w\" sizes=\"(max-width: 1200px) 100vw, 1200px\" \/><\/div><\/li><li  class='avia-slideshow-slide av-k9ve37pk-ce4895a8cd0ec5fa0aa3c228384f23f5__2  slide-3 slide-odd'><div data-rel='slideshow-1' class='avia-slide-wrap '   ><img decoding=\"async\" fetchpriority=\"high\" class=\"wp-image-351 avia-img-lazy-loading-not-351\"  src=\"https:\/\/institutnps.com\/wp-content\/uploads\/2015\/07\/Institut-NPS-Sabadell-3.jpg\" width=\"1200\" height=\"400\" title='Institut-NPS-Sabadell-(3)' alt=''  itemprop=\"thumbnailUrl\" srcset=\"https:\/\/institutnps.com\/wp-content\/uploads\/2015\/07\/Institut-NPS-Sabadell-3.jpg 1200w, https:\/\/institutnps.com\/wp-content\/uploads\/2015\/07\/Institut-NPS-Sabadell-3-300x100.jpg 300w, https:\/\/institutnps.com\/wp-content\/uploads\/2015\/07\/Institut-NPS-Sabadell-3-1030x343.jpg 1030w, https:\/\/institutnps.com\/wp-content\/uploads\/2015\/07\/Institut-NPS-Sabadell-3-705x235.jpg 705w, https:\/\/institutnps.com\/wp-content\/uploads\/2015\/07\/Institut-NPS-Sabadell-3-450x150.jpg 450w\" sizes=\"(max-width: 1200px) 100vw, 1200px\" \/><\/div><\/li><li  class='avia-slideshow-slide av-k9ve37pk-ce4895a8cd0ec5fa0aa3c228384f23f5__3  slide-4 slide-even'><div data-rel='slideshow-1' class='avia-slide-wrap '   ><img decoding=\"async\" fetchpriority=\"high\" class=\"wp-image-352 avia-img-lazy-loading-not-352\"  src=\"https:\/\/institutnps.com\/wp-content\/uploads\/2015\/07\/Institut-NPS-Sabadell-4.jpg\" width=\"1200\" height=\"400\" title='Institut-NPS-Sabadell-(4)' alt=''  itemprop=\"thumbnailUrl\" srcset=\"https:\/\/institutnps.com\/wp-content\/uploads\/2015\/07\/Institut-NPS-Sabadell-4.jpg 1200w, https:\/\/institutnps.com\/wp-content\/uploads\/2015\/07\/Institut-NPS-Sabadell-4-300x100.jpg 300w, https:\/\/institutnps.com\/wp-content\/uploads\/2015\/07\/Institut-NPS-Sabadell-4-1030x343.jpg 1030w, https:\/\/institutnps.com\/wp-content\/uploads\/2015\/07\/Institut-NPS-Sabadell-4-705x235.jpg 705w, https:\/\/institutnps.com\/wp-content\/uploads\/2015\/07\/Institut-NPS-Sabadell-4-450x150.jpg 450w\" sizes=\"(max-width: 1200px) 100vw, 1200px\" \/><\/div><\/li><li  class='avia-slideshow-slide av-k9ve37pk-ce4895a8cd0ec5fa0aa3c228384f23f5__4  slide-5 slide-odd'><div data-rel='slideshow-1' class='avia-slide-wrap '   ><img decoding=\"async\" fetchpriority=\"high\" class=\"wp-image-247 avia-img-lazy-loading-not-247\"  src=\"https:\/\/institutnps.com\/wp-content\/uploads\/2015\/08\/INPS-Neuropsicologia-2.jpg\" width=\"1200\" height=\"400\" title='INPS Neuropsicologia (2)' alt=''  itemprop=\"thumbnailUrl\" srcset=\"https:\/\/institutnps.com\/wp-content\/uploads\/2015\/08\/INPS-Neuropsicologia-2.jpg 1200w, https:\/\/institutnps.com\/wp-content\/uploads\/2015\/08\/INPS-Neuropsicologia-2-300x100.jpg 300w, https:\/\/institutnps.com\/wp-content\/uploads\/2015\/08\/INPS-Neuropsicologia-2-1030x343.jpg 1030w, https:\/\/institutnps.com\/wp-content\/uploads\/2015\/08\/INPS-Neuropsicologia-2-705x235.jpg 705w, https:\/\/institutnps.com\/wp-content\/uploads\/2015\/08\/INPS-Neuropsicologia-2-450x150.jpg 450w\" sizes=\"(max-width: 1200px) 100vw, 1200px\" \/><\/div><\/li><\/ul><div class='avia-slideshow-arrows avia-slideshow-controls' ><a href='#prev' class='prev-slide  avia-svg-icon avia-font-svg_entypo-fontello' data-av_svg_icon='left-open-big' data-av_iconset='svg_entypo-fontello' tabindex='-1' title=\"Anterior\"><svg version=\"1.1\" xmlns=\"http:\/\/www.w3.org\/2000\/svg\" width=\"15\" height=\"32\" viewBox=\"0 0 15 32\" preserveAspectRatio=\"xMidYMid meet\" aria-labelledby='av-svg-title-1' aria-describedby='av-svg-desc-1' role=\"graphics-symbol\" aria-hidden=\"true\">\n<title id='av-svg-title-1'>Anterior<\/title>\n<desc id='av-svg-desc-1'>Anterior<\/desc>\n<path d=\"M14.464 27.84q0.832 0.832 0 1.536-0.832 0.832-1.536 0l-12.544-12.608q-0.768-0.768 0-1.6l12.544-12.608q0.704-0.832 1.536 0 0.832 0.704 0 1.536l-11.456 11.904z\"><\/path>\n<\/svg><span class='avia_hidden_link_text'>Anterior<\/span><\/a><a href='#next' class='next-slide  avia-svg-icon avia-font-svg_entypo-fontello' data-av_svg_icon='right-open-big' data-av_iconset='svg_entypo-fontello' tabindex='-1' title=\"Seg\u00fcent\"><svg version=\"1.1\" xmlns=\"http:\/\/www.w3.org\/2000\/svg\" width=\"15\" height=\"32\" viewBox=\"0 0 15 32\" preserveAspectRatio=\"xMidYMid meet\" aria-labelledby='av-svg-title-2' aria-describedby='av-svg-desc-2' role=\"graphics-symbol\" aria-hidden=\"true\">\n<title id='av-svg-title-2'>Seg\u00fcent<\/title>\n<desc id='av-svg-desc-2'>Seg\u00fcent<\/desc>\n<path d=\"M0.416 27.84l11.456-11.84-11.456-11.904q-0.832-0.832 0-1.536 0.832-0.832 1.536 0l12.544 12.608q0.768 0.832 0 1.6l-12.544 12.608q-0.704 0.832-1.536 0-0.832-0.704 0-1.536z\"><\/path>\n<\/svg><span class='avia_hidden_link_text'>Seg\u00fcent<\/span><\/a><\/div><div class='avia-slideshow-dots avia-slideshow-controls'><a href='#1' class='goto-slide active' >1<\/a><a href='#2' class='goto-slide ' >2<\/a><a href='#3' class='goto-slide ' >3<\/a><a href='#4' class='goto-slide ' >4<\/a><a href='#5' class='goto-slide ' >5<\/a><\/div><div class='av-slideshow-caption av-k9ve37pk-ce4895a8cd0ec5fa0aa3c228384f23f5__0 caption_fullwidth caption_center caption_center_framed caption_framed'><div class=\"container caption_container\"><div class=\"slideshow_caption\"><div class=\"slideshow_inner_caption\"><div class=\"slideshow_align_caption\"><h2 class='avia-caption-title '  itemprop=\"name\" >Oferim serveis on-line<\/h2><\/div><\/div><\/div><\/div><\/div><\/div><\/div><div id='after_full_slider_1'  class='main_color av_default_container_wrap container_wrap fullsize'  ><div class='container av-section-cont-open' ><div class='template-page content  av-content-full alpha units'><div class='post-entry post-entry-type-page post-entry-255'><div class='entry-content-wrapper clearfix'>\n<div  class='flex_column av-av_one_third-2a9015ff38129c418a3f2eafba3e9512 av_one_third  avia-builder-el-1  el_after_av_slideshow_full  el_before_av_one_third  avia-builder-el-first  first flex_column_div  '     ><article  class='iconbox iconbox_top av-av_icon_box-847120edcb27e50ab55be585cfd86ae1  avia-builder-el-2  avia-builder-el-no-sibling  main_color'  itemscope=\"itemscope\" itemtype=\"https:\/\/schema.org\/CreativeWork\" ><div class=\"iconbox_content\"><header class=\"entry-content-header\" aria-label=\"Icon: EXPERI\u00c8NCIA\"><div class='iconbox_icon heading-color avia-iconfont avia-font-entypo-fontello' data-av_icon='\ue80b' data-av_iconfont='entypo-fontello'  ><\/div><h3 class='iconbox_content_title '  itemprop=\"headline\" >EXPERI\u00c8NCIA<\/h3><\/header><div class='iconbox_content_container '  itemprop=\"text\" ><p>Comptem amb professionals amb m\u00e9s de 20 anys d&#8217;experi\u00e8ncia en l&#8217;avaluaci\u00f3 i tractament que poden ajudar-te a millorar el teu funcionament cognitiu i benestar emocional.<\/p>\n<\/div><\/div><footer class=\"entry-footer\"><\/footer><\/article><\/div>\n\n<style type=\"text\/css\" data-created_by=\"avia_inline_auto\" id=\"style-css-av-av_one_third-49f6e875884219cf77c24341e550af53\">\n.flex_column.av-av_one_third-49f6e875884219cf77c24341e550af53{\nborder-radius:0px 0px 0px 0px;\npadding:0px 0px 0px 0px;\n}\n<\/style>\n<div  class='flex_column av-av_one_third-49f6e875884219cf77c24341e550af53 av_one_third  avia-builder-el-3  el_after_av_one_third  el_before_av_one_third  flex_column_div av-zero-column-padding  '     ><article  class='iconbox iconbox_top av-av_icon_box-9fc2c2decf9f5b557272a71e8031a61e  avia-builder-el-4  avia-builder-el-no-sibling  main_color'  itemscope=\"itemscope\" itemtype=\"https:\/\/schema.org\/CreativeWork\" ><div class=\"iconbox_content\"><header class=\"entry-content-header\" aria-label=\"Icon: PERSONALITZAT\"><div class='iconbox_icon heading-color avia-iconfont avia-font-entypo-fontello' data-av_icon='\ue8d1' data-av_iconfont='entypo-fontello'  ><\/div><h3 class='iconbox_content_title '  itemprop=\"headline\" >PERSONALITZAT<\/h3><\/header><div class='iconbox_content_container '  itemprop=\"text\" ><p>Tracte personalitzat fonamental per a realitzar una avaluaci\u00f3 i tractament en funci\u00f3 de les caracter\u00edstiques personals.<\/p>\n<\/div><\/div><footer class=\"entry-footer\"><\/footer><\/article><\/div>\n\n<style type=\"text\/css\" data-created_by=\"avia_inline_auto\" id=\"style-css-av-av_one_third-49f6e875884219cf77c24341e550af53\">\n.flex_column.av-av_one_third-49f6e875884219cf77c24341e550af53{\nborder-radius:0px 0px 0px 0px;\npadding:0px 0px 0px 0px;\n}\n<\/style>\n<div  class='flex_column av-av_one_third-49f6e875884219cf77c24341e550af53 av_one_third  avia-builder-el-5  el_after_av_one_third  el_before_av_one_half  flex_column_div av-zero-column-padding  '     ><article  class='iconbox iconbox_top av-av_icon_box-df61d39758554f0bd8914f96cd7d2e56  avia-builder-el-6  avia-builder-el-no-sibling  main_color'  itemscope=\"itemscope\" itemtype=\"https:\/\/schema.org\/CreativeWork\" ><div class=\"iconbox_content\"><header class=\"entry-content-header\" aria-label=\"Icon: ACTUALITZACI\u00d3\"><div class='iconbox_icon heading-color avia-iconfont avia-font-entypo-fontello' data-av_icon='\ue891' data-av_iconfont='entypo-fontello'  ><\/div><h3 class='iconbox_content_title '  itemprop=\"headline\" >ACTUALITZACI\u00d3<\/h3><\/header><div class='iconbox_content_container '  itemprop=\"text\" ><p>Estem en constant actualitzaci\u00f3 en quant a t\u00e8cniques, instruments d&#8217;avaluaci\u00f3 i tractament.<\/p>\n<\/div><\/div><footer class=\"entry-footer\"><\/footer><\/article><\/div>\n<div  class='flex_column av-av_one_half-2a9015ff38129c418a3f2eafba3e9512 av_one_half  avia-builder-el-7  el_after_av_one_third  el_before_av_one_half  first flex_column_div  column-top-margin'     ><div  id=\"avia-magazine-1\"  class='av-magazine av-av_magazine-7ed45a3b3c1623ec8d7ca219763a6aba av-magazine-top-bar-active av-magazine-tabs-active  avia-builder-el-8  avia-builder-el-no-sibling   avia-builder-el-8  avia-builder-el-no-sibling ' ><div class='av-magazine-top-bar '><\/div><div class='av-magazine-group sort_all'><article class='av-magazine-entry av-magazine-entry-id-556 av-magazine-format-standard av-magazine-type-post av-magazine-entry-1 av-magazine-entry-small '  itemscope=\"itemscope\" itemtype=\"https:\/\/schema.org\/CreativeWork\" ><div class=\"av-magazine-thumbnail\"><a href='https:\/\/institutnps.com\/ca\/rehabilitacio-neuropsicologica-2\/' title='Link to: Rehabilitaci\u00f3 Neuropsicol\u00f2gica' class='av-magazine-thumbnail-link'><img decoding=\"async\" fetchpriority=\"high\" width=\"80\" height=\"80\" src=\"https:\/\/institutnps.com\/wp-content\/uploads\/2021\/04\/weightstrasnsparent-w1200-1-80x80.png\" class=\"wp-image-555 avia-img-lazy-loading-not-555 attachment-thumbnail size-thumbnail wp-post-image\" alt=\"\" srcset=\"https:\/\/institutnps.com\/wp-content\/uploads\/2021\/04\/weightstrasnsparent-w1200-1-80x80.png 80w, https:\/\/institutnps.com\/wp-content\/uploads\/2021\/04\/weightstrasnsparent-w1200-1-36x36.png 36w, https:\/\/institutnps.com\/wp-content\/uploads\/2021\/04\/weightstrasnsparent-w1200-1-180x180.png 180w\" sizes=\"(max-width: 80px) 100vw, 80px\" \/><\/a><\/div><div class=\"av-magazine-content-wrap\"><header class=\"entry-content-header\" aria-label=\"Post: Rehabilitaci\u00f3 Neuropsicol\u00f2gica\"><time class='av-magazine-time updated'  itemprop=\"datePublished\" datetime=\"2021-04-27T19:20:00+02:00\" >27 d'abril de 2021<\/time><h3 class='av-magazine-title entry-title '  itemprop=\"headline\" ><a href='https:\/\/institutnps.com\/ca\/rehabilitacio-neuropsicologica-2\/' title='Link to: Rehabilitaci\u00f3 Neuropsicol\u00f2gica'>Rehabilitaci\u00f3 Neuropsicol\u00f2gica<\/a><\/h3><\/header><\/div><footer class=\"entry-footer\"><\/footer><\/article><article class='av-magazine-entry av-magazine-entry-id-517 av-magazine-format-standard av-magazine-type-post av-magazine-entry-2 av-magazine-entry-small '  itemscope=\"itemscope\" itemtype=\"https:\/\/schema.org\/CreativeWork\" ><div class=\"av-magazine-thumbnail\"><a href='https:\/\/institutnps.com\/ca\/la-fibromialgia-em-pot-causar-deficits-cognitius-i-o-emocionals\/' title='Link to: La Fibromi\u00e0lgia em pot causar d\u00e8ficits cognitius i\/o emocionals?' class='av-magazine-thumbnail-link'><img decoding=\"async\" fetchpriority=\"high\" width=\"80\" height=\"80\" src=\"https:\/\/institutnps.com\/wp-content\/uploads\/2020\/05\/puntos-dolorosos_fibromialgia-300x236-1-80x80.png\" class=\"wp-image-481 avia-img-lazy-loading-not-481 attachment-thumbnail size-thumbnail wp-post-image\" alt=\"\" srcset=\"https:\/\/institutnps.com\/wp-content\/uploads\/2020\/05\/puntos-dolorosos_fibromialgia-300x236-1-80x80.png 80w, https:\/\/institutnps.com\/wp-content\/uploads\/2020\/05\/puntos-dolorosos_fibromialgia-300x236-1-36x36.png 36w, https:\/\/institutnps.com\/wp-content\/uploads\/2020\/05\/puntos-dolorosos_fibromialgia-300x236-1-180x180.png 180w\" sizes=\"(max-width: 80px) 100vw, 80px\" \/><\/a><\/div><div class=\"av-magazine-content-wrap\"><header class=\"entry-content-header\" aria-label=\"Post: La Fibromi\u00e0lgia em pot causar d\u00e8ficits cognitius i\/o emocionals?\"><time class='av-magazine-time updated'  itemprop=\"datePublished\" datetime=\"2020-05-10T15:26:41+02:00\" >10 de maig de 2020<\/time><h3 class='av-magazine-title entry-title '  itemprop=\"headline\" ><a href='https:\/\/institutnps.com\/ca\/la-fibromialgia-em-pot-causar-deficits-cognitius-i-o-emocionals\/' title='Link to: La Fibromi\u00e0lgia em pot causar d\u00e8ficits cognitius i\/o emocionals?'>La Fibromi\u00e0lgia em pot causar d\u00e8ficits cognitius i\/o emocionals?<\/a><\/h3><\/header><\/div><footer class=\"entry-footer\"><\/footer><\/article><\/div><\/div><\/div>\n\n<style type=\"text\/css\" data-created_by=\"avia_inline_auto\" id=\"style-css-av-av_one_half-49f6e875884219cf77c24341e550af53\">\n.flex_column.av-av_one_half-49f6e875884219cf77c24341e550af53{\nborder-radius:0px 0px 0px 0px;\npadding:0px 0px 0px 0px;\n}\n<\/style>\n<div  class='flex_column av-av_one_half-49f6e875884219cf77c24341e550af53 av_one_half  avia-builder-el-9  el_after_av_one_half  avia-builder-el-last  flex_column_div av-zero-column-padding  column-top-margin'     ><div  class='avia-button-wrap av-av_button-b2cc88b4a4cb492e9dcf724f5b453e7c-wrap avia-button-center  avia-builder-el-10  avia-builder-el-no-sibling '><a href='https:\/\/institutnps.com\/ca\/contacte\/'  class='avia-button av-av_button-b2cc88b4a4cb492e9dcf724f5b453e7c av-link-btn avia-icon_select-yes-right-icon avia-size-x-large avia-position-center avia-color-theme-color'  target=\"_blank\"  rel=\"noopener noreferrer\"  aria-label=\"CONTACTAR AMB INPS\"><span class='avia_iconbox_title' >CONTACTAR AMB INPS<\/span><span class='avia_button_icon avia_button_icon_right avia-iconfont avia-font-entypo-fontello' data-av_icon='\ue805' data-av_iconfont='entypo-fontello' ><\/span><\/a><\/div><\/div>\n","protected":false},"excerpt":{"rendered":"","protected":false},"author":1,"featured_media":0,"parent":0,"menu_order":0,"comment_status":"open","ping_status":"closed","template":"","meta":{"footnotes":""},"class_list":["post-255","page","type-page","status-publish","hentry"],"_links":{"self":[{"href":"https:\/\/institutnps.com\/ca\/wp-json\/wp\/v2\/pages\/255","targetHints":{"allow":["GET"]}}],"collection":[{"href":"https:\/\/institutnps.com\/ca\/wp-json\/wp\/v2\/pages"}],"about":[{"href":"https:\/\/institutnps.com\/ca\/wp-json\/wp\/v2\/types\/page"}],"author":[{"embeddable":true,"href":"https:\/\/institutnps.com\/ca\/wp-json\/wp\/v2\/users\/1"}],"replies":[{"embeddable":true,"href":"https:\/\/institutnps.com\/ca\/wp-json\/wp\/v2\/comments?post=255"}],"version-history":[{"count":8,"href":"https:\/\/institutnps.com\/ca\/wp-json\/wp\/v2\/pages\/255\/revisions"}],"predecessor-version":[{"id":520,"href":"https:\/\/institutnps.com\/ca\/wp-json\/wp\/v2\/pages\/255\/revisions\/520"}],"wp:attachment":[{"href":"https:\/\/institutnps.com\/ca\/wp-json\/wp\/v2\/media?parent=255"}],"curies":[{"name":"wp","href":"https:\/\/api.w.org\/{rel}","templated":true}]}}