{"id":104,"date":"2015-04-09T11:47:26","date_gmt":"2015-04-09T11:47:26","guid":{"rendered":"http:\/\/institutnps.com\/?page_id=104"},"modified":"2020-05-20T19:39:27","modified_gmt":"2020-05-20T17:39:27","slug":"avis-legal","status":"publish","type":"page","link":"https:\/\/institutnps.com\/ca\/avis-legal\/","title":{"rendered":"Av\u00eds Legal"},"content":{"rendered":"<ol>\n<li><strong><u>INFORMACI\u00d3 CORPORATIVA<\/u><\/strong><\/li>\n<\/ol>\n<p>&nbsp;<\/p>\n<p>En compliment de la Llei 34\/2002, d\u201911 de juliol, de serveis de la societat de la informaci\u00f3 i de comer\u00e7 electr\u00f2nic, Institut de Neuropsicologia i Psicologia Sabadell, l\u2019informa que \u00e9s titular dels llocs web: www.institutnps.com d\u2019acord amb l\u2019exig\u00e8ncia de l\u2019article 10 de l\u2019esmentada Llei, Institut de Neuropsicologia i Psicologia Sabadell, notifica les dades seg\u00fcents: el titular d\u2019aquesta p\u00e0gina web \u00e9s\u00a0Institut de Neuropsicologia i Psicologia Sabadell amb domicili social: Ronda Zamenhof 153, 4t. 2a. Codi Postal: 08201. Localitat: Sabadell. Prov\u00edncia: Barcelona. L\u2019adre\u00e7a de correu electr\u00f2nic de contacte amb l\u2019empresa \u00e9s: <u>info@institutnps.com<\/u><\/p>\n<p><strong>\u00a0<\/strong><\/p>\n<ol start=\"2\">\n<li><strong><u>USUARI I REGIM DE RESPONSABILITATS<\/u><\/strong><\/li>\n<\/ol>\n<p>&nbsp;<\/p>\n<p>La navegaci\u00f3 per, acc\u00e9s \u00a0i \u00fas dels llocs web de Institut de Neuropsicologia i Psicologia Sabadell atorga la condici\u00f3 d\u2019usuari, per la qual s\u2019accepten, en navegar per la p\u00e0gina de Institut de Neuropsicologia i Psicologia Sabadell, totes les condicions d\u2019\u00fas que s\u2019estableixen aqu\u00ed sense perjudicar l\u2019aplicaci\u00f3 de la corresponent normativa d\u2019obligat compliment legal segons el cas.<\/p>\n<p>La p\u00e0gina web de Institut de Neuropsicologia i Psicologia Sabadell proporcionen gran diversitat d\u2019informaci\u00f3, serveis i dades. L\u2019usuari assumeix la seva responsabilitat en l\u2019\u00fas correcte dels llocs web. Aquesta responsabilitat s\u2019estendr\u00e0 a: La veracitat i licitud de les informacions aportades per l\u2019usuari als formularis emesos per Institut de Neuropsicologia i Psicologia Sabadell per accedir a determinats continguts o serveis oferts per la web.<\/p>\n<p>L\u2019\u00fas de la informaci\u00f3, serveis i dades oferts per\u00a0Institut de Neuropsicologia i Psicologia Sabadell contra les disposicions d\u2019aquestes condicions, la Llei, la moral, els bons costums o l\u2019ordre p\u00fablic o que, en qualsevol altre cas, puguin suposar lesi\u00f3 dels drets de tercers o del funcionament dels llocs web.<\/p>\n<p>&nbsp;<\/p>\n<p>A aquest efecte, l&#8217;Usuari s&#8217;abstindr\u00e0 d&#8217;utilitzar qualsevol dels continguts amb fins o efectes il\u00b7l\u00edcits, prohibits en aquest text, lesius dels drets i interessos de tercers, o que de qualsevol forma puguin danyar, inutilitzar, sobrecarregar, deteriorar o impedir la normal utilitzaci\u00f3 dels continguts, altres Usuaris o de qualsevol usuari d&#8217;Internet (maquinari i programari).<\/p>\n<p>&nbsp;<\/p>\n<p>Els usuaris respondran dels danys i perjudicis de tota naturalesa que l&#8217;empresa propiet\u00e0ria de la web pugui patir, directament o indirectament, com a conseq\u00fc\u00e8ncia d&#8217;incompliment de qualsevol de les obligacions derivades de l&#8217;\u00fas de la Web i d&#8217;aquesta pol\u00edtica de privacitat.<\/p>\n<p>&nbsp;<\/p>\n<p>&nbsp;<\/p>\n<p>&nbsp;<\/p>\n<p>En particular, i a t\u00edtol merament indicatiu i no exhaustiu, l&#8217;Usuari es compromet a no transmetre, difondre o posar a disposici\u00f3 de tercers informacions, dades, continguts, missatges, gr\u00e0fics, dibuixos, arxius de so i \/ o imatge, fotografies del web .<\/p>\n<p>&nbsp;<\/p>\n<p>&nbsp;<\/p>\n<ol start=\"3\">\n<li><strong><u>POL\u00cdTICA ANTI-SPAM<\/u><\/strong><\/li>\n<\/ol>\n<p><strong><u>\u00a0<\/u><\/strong><\/p>\n<p>El prestador es declara completament en contra de l\u2019enviament de comunicacions comercials no sol\u00b7licitades i a qualsevol tipus de conducta o manifestaci\u00f3 coneguda com a \u2018spam\u2019, aix\u00ed mateix, es declara comprom\u00e8s amb la lluita contra aquest tipus de pr\u00e0ctiques abusives.<\/p>\n<p>Per tant, el prestador garantitza a l\u2019usuari que\u00a0<strong>sota cap concepte<\/strong>\u00a0les dades personals recollides en el lloc web seran cedits, compartits, transferits ni venuts a cap tercer.<\/p>\n<p>Per les mateixes raons, el proc\u00e9s de registre no ha de ser utilitzat per a inscriure direccions de correu de persones alienes sense el consentiment expr\u00e9s de les persones afectades.<\/p>\n<p>www.institutnps.com\u00a0implementa com a contramesura a aquestes pr\u00e0ctiques una llista de correu de tipus tipo double opt-in que necessita la confirmaci\u00f3 expl\u00edcita per part del titular del compte de correu electr\u00f2nic indicada com a direcci\u00f3 de subscripci\u00f3, abans de rebre comunicacions per correu electr\u00f2nic.<\/p>\n<p>En el cas de que un usuari rebi comunicacions d\u2019aquest lloc web sense haver-se registrat, o sense haver donat el seu consentiment expr\u00e9s a aquest registre, pot cancel\u00b7lar la subscripci\u00f3 des dels enlla\u00e7os que es proporcionen a la pr\u00f2pia comunicaci\u00f3.<\/p>\n<p>A m\u00e9s, l\u2019usuari pot posar-se en contacte amb nosaltres a trav\u00e9s del formulari de contacte que es mant\u00e9 en aquest lloc web, tant per a comunicar el que ha passat, com per a sol\u00b7licitar l\u2019eliminaci\u00f3 immediata de les seves dades del nostre sistema.<\/p>\n<p>&nbsp;<\/p>\n<ol start=\"4\">\n<li><strong><u>ALLOTJAMENT DE DADES<\/u><\/strong><\/li>\n<\/ol>\n<p>Per raons t\u00e8cniques i de qualitat de servei, \u00a0la web www.institutnps.com\u00a0es troba allotjada als servidors de l\u2019empresa CDMON. Per raons similars, la prestaci\u00f3 del servei de subscripci\u00f3 de correu elctr\u00f2nic i enviament de newsletter s\u2019efectua des de les intal\u00b7lacions de l\u2019empresa\u00a0<strong>MailChimp<\/strong>\u00a0(<a href=\"http:\/\/mailchimp.com\/legal\/privacy\/\">pol\u00edtica de privadesa<\/a>).<\/p>\n<p>Tant CDMON\u00a0com Mailchimp es troben adherides als principis de \u00a0\u201cPort Segur\u201d, d\u2019acord amb la\u00a0<strong>Decisi\u00f3n 2000\/520\/CE<\/strong>\u00a0de la Comissi\u00f3 de 26 de juliol de 2000 , per la qual cosa les converteix en\u00a0<a href=\"https:\/\/www.agpd.es\/portalwebAGPD\/canalresponsable\/transferencias_internacionales\/index-ides-idphp.php\">\u00a0entitats amb un nivell adequat de protecci\u00f3<\/a>\u00a0a efectes de la RGDP.<\/p>\n<p><strong>\u00a0<\/strong><\/p>\n<ol start=\"5\">\n<li><strong><u>PROPIETAT INTEL\u00b7LECTUAL<\/u><\/strong><\/li>\n<\/ol>\n<p>&nbsp;<\/p>\n<p>Els drets de propietat intel\u00b7lectual i industrial derivats de tots els textos, imatges, com tamb\u00e9 dels mitjans i formes de presentaci\u00f3 i muntatge de les seves p\u00e0gines pertanyen, per si mateixos o com a cession\u00e0ria, a Institut de Neuropsicologia i Psicologia Sabadell seran, per tant, obres protegides amb propietat intel\u00b7lectual per l\u2019ordenament jur\u00eddic espanyol i se\u2019ls podr\u00e0 aplicar tant la normativa espanyola i comunit\u00e0ria en aquest camp, com els tractats internacionals relatius a la mat\u00e8ria i subscrits per Espanya.<\/p>\n<p>&nbsp;<\/p>\n<p>Tots els drets reservats. En compliment de la Llei de la Propietat Intel\u00b7lectual es prohibeix expressament la reproducci\u00f3, distribuci\u00f3, comunicaci\u00f3 p\u00fablica i utilitzaci\u00f3 de la totalitat o part dels continguts de les seves p\u00e0gines web sense el consentiment expl\u00edcit de\u00a0Institut de Neuropsicologia i Psicologia Sabadell<\/p>\n<p>Aix\u00ed mateix, Institut de Neuropsicologia i Psicologia Sabadell es reserva la facultat de presentar les accions civils o penals que consideri oportunes per la utilitzaci\u00f3 indeguda de les seves p\u00e0gines web i continguts o per l\u2019 incompliment d\u2019aquestes condicions.<\/p>\n<p>&nbsp;<\/p>\n<ol start=\"6\">\n<li><strong><u>ACCIONS LEGAL, LEGISLACI\u00d3 APLICABLE I JURISDICCI\u00d3<\/u><\/strong><\/li>\n<\/ol>\n<p>&nbsp;<\/p>\n<p>La relaci\u00f3 entre l\u2019usuari i\u00a0Institut de Neuropsicologia i Psicologia Sabadell es regir\u00e0 per la normativa espanyola vigent i seran competents, per decidir sobre qualsevol controv\u00e8rsia que pugui sorgir entre l\u2019usuari i Institut de Neuropsicologia i Psicologia Sabadell, els jutjats o tribunals de la localitat de Barcelona<\/p>\n<p>&nbsp;<\/p>\n<p><strong><u>\u00a0<\/u><\/strong><\/p>\n<p><strong>\u00a0<\/strong><\/p>\n<p><strong>\u00a0<\/strong><\/p>\n","protected":false},"excerpt":{"rendered":"<p>INFORMACI\u00d3 CORPORATIVA &nbsp; En compliment de la Llei 34\/2002, d\u201911 de juliol, de serveis de la societat de la informaci\u00f3 i de comer\u00e7 electr\u00f2nic, Institut de Neuropsicologia i Psicologia Sabadell, l\u2019informa que \u00e9s titular dels llocs web: www.institutnps.com d\u2019acord amb l\u2019exig\u00e8ncia de l\u2019article 10 de l\u2019esmentada Llei, Institut de Neuropsicologia i Psicologia Sabadell, notifica les [&hellip;]<\/p>\n","protected":false},"author":1,"featured_media":0,"parent":0,"menu_order":0,"comment_status":"open","ping_status":"open","template":"","meta":{"footnotes":""},"class_list":["post-104","page","type-page","status-publish","hentry"],"_links":{"self":[{"href":"https:\/\/institutnps.com\/ca\/wp-json\/wp\/v2\/pages\/104","targetHints":{"allow":["GET"]}}],"collection":[{"href":"https:\/\/institutnps.com\/ca\/wp-json\/wp\/v2\/pages"}],"about":[{"href":"https:\/\/institutnps.com\/ca\/wp-json\/wp\/v2\/types\/page"}],"author":[{"embeddable":true,"href":"https:\/\/institutnps.com\/ca\/wp-json\/wp\/v2\/users\/1"}],"replies":[{"embeddable":true,"href":"https:\/\/institutnps.com\/ca\/wp-json\/wp\/v2\/comments?post=104"}],"version-history":[{"count":2,"href":"https:\/\/institutnps.com\/ca\/wp-json\/wp\/v2\/pages\/104\/revisions"}],"predecessor-version":[{"id":524,"href":"https:\/\/institutnps.com\/ca\/wp-json\/wp\/v2\/pages\/104\/revisions\/524"}],"wp:attachment":[{"href":"https:\/\/institutnps.com\/ca\/wp-json\/wp\/v2\/media?parent=104"}],"curies":[{"name":"wp","href":"https:\/\/api.w.org\/{rel}","templated":true}]}}